{"id":1000,"date":"2026-04-12T10:39:46","date_gmt":"2026-04-12T10:39:46","guid":{"rendered":"https:\/\/cozumelweddings.net\/?page_id=1000"},"modified":"2026-04-13T17:38:04","modified_gmt":"2026-04-13T17:38:04","slug":"cozumel-event-planner","status":"publish","type":"page","link":"https:\/\/cozumelweddings.net\/es\/cozumel-event-planner\/","title":{"rendered":"Cozumel Event Planner"},"content":{"rendered":"<div class=\"wpb-content-wrapper\"><div class=\"vc_row wpb_row vc_row-fluid dt-default\" style=\"margin-top: 0px;margin-bottom: 0px\"><div class=\"wpb_column vc_column_container vc_col-sm-12\"><div class=\"vc_column-inner\"><div class=\"wpb_wrapper\"><h1 style=\"font-size: 30px;color: #6BBDC3;text-align: center;font-family:Open Sans;font-weight:700;font-style:normal\" class=\"vc_custom_heading vc_do_custom_heading\" >Planeaci\u00f3n de Eventos en Cozumel \u2013 Eventos Profesionales en el Para\u00edso<\/h1><div class=\"vc_empty_space\"   style=\"height: 10px\"><span class=\"vc_empty_space_inner\"><\/span><\/div><\/div><\/div><\/div><\/div><div class=\"vc_row wpb_row vc_row-fluid vc_row-o-equal-height vc_row-o-content-middle vc_row-flex\"><div class=\"wpb_column vc_column_container vc_col-sm-12\"><div class=\"vc_column-inner\"><div class=\"wpb_wrapper\">\n\t<div class=\"wpb_text_column wpb_content_element  vc_custom_1775989998407\" >\n\t\t<div class=\"wpb_wrapper\">\n\t\t\t<p data-start=\"253\" data-end=\"466\">Planear un evento en Cozumel debe ser emocionante, fluido e inolvidable. Como expertos en planeaci\u00f3n de eventos en Cozumel, nos especializamos en crear eventos excepcionales adaptados a tu visi\u00f3n, estilo y presupuesto.<\/p>\n<p data-start=\"468\" data-end=\"624\">Desde celebraciones privadas hasta eventos corporativos, nuestro equipo experto en planeaci\u00f3n de eventos en Cozumel se encarga de cada detalle, para que t\u00fa solo te dediques a disfrutar la experiencia.<\/p>\n\n\t\t<\/div>\n\t<\/div>\n\n\t<div class=\"wpb_text_column wpb_content_element\" >\n\t\t<div class=\"wpb_wrapper\">\n\t\t\t<p style=\"text-align: center;\">Nos especializamos en una amplia variedad de eventos dise\u00f1ados para crear experiencias inolvidables. Hacemos de tu evento en Cozumel una experiencia verdaderamente especial. <em><strong>Something <\/strong><\/em><em><strong>Special!<\/strong><\/em><\/p>\n\n\t\t<\/div>\n\t<\/div>\n<div class=\"vc_empty_space\"   style=\"height: 10px\"><span class=\"vc_empty_space_inner\"><\/span><\/div><div class=\"ubtn-ctn-center\"><a class=\"ubtn-link ult-adjust-bottom-margin ubtn-center ubtn-normal\" href=\"\/\/cozumelweddings.net\/es\/packages\/\" title=\"Paquetes\" ><button type=\"button\" id=\"ubtn-4585\"  class=\"ubtn ult-adjust-bottom-margin ult-responsive ubtn-normal ubtn-no-hover-bg  none  ubtn-center   tooltip-6a007e24b1b4a\"  data-hover=\"#ffffff\" data-border-color=\"#6bbdc3\" data-bg=\"#ffffff\" data-hover-bg=\"#6bbdc3\" data-border-hover=\"#ffffff\" data-shadow-hover=\"\" data-shadow-click=\"none\" data-shadow=\"\" data-shd-shadow=\"\"  data-ultimate-target='#ubtn-4585'  data-responsive-json-new='{\"font-size\":\"desktop:15px;\",\"line-height\":\"\"}'  style=\"font-family:&#039;Open Sans&#039;;font-weight:bold;border-radius:3px;border-width:2px;border-color:#6bbdc3;border-style:solid;background: #ffffff;color: #6bbdc3;\"><span class=\"ubtn-hover\" style=\"background-color:#6bbdc3\"><\/span><span class=\"ubtn-data ubtn-text\" >DESCUBRE NUESTROS PAQUETES<\/span><\/button><\/a><\/div><div class=\"vc_empty_space\"   style=\"height: 20px\"><span class=\"vc_empty_space_inner\"><\/span><\/div><\/div><\/div><\/div><\/div><div class=\"vc_row wpb_row vc_row-fluid vc_row-o-equal-height vc_row-o-content-middle vc_row-flex\"><div class=\"wpb_column vc_column_container vc_col-sm-6\"><div class=\"vc_column-inner vc_custom_1775989200416\"><div class=\"wpb_wrapper\"><h2 style=\"font-size: 30px;color: #6BBDC3;text-align: left\" class=\"vc_custom_heading vc_do_custom_heading\" >\u00bfPor qu\u00e9 elegir nuestros servicios de planeaci\u00f3n de eventos en Cozumel?<\/h2>\n\t<div class=\"wpb_text_column wpb_content_element\" >\n\t\t<div class=\"wpb_wrapper\">\n\t\t\t<p data-start=\"696\" data-end=\"863\">Con m\u00e1s de 28 a\u00f1os de experiencia en la planeaci\u00f3n de eventos en Cozumel, somos una empresa confiable reconocida por nuestro profesionalismo, creatividad y ejecuci\u00f3n impecable.<\/p>\n<p data-start=\"865\" data-end=\"874\">Ofrecemos:<\/p>\n<ul data-start=\"875\" data-end=\"1060\">\n<li data-section-id=\"1mvzz1u\" data-start=\"875\" data-end=\"914\">Soluciones integrales de planeaci\u00f3n de eventos personalizadas<\/li>\n<li data-section-id=\"9tlak3\" data-start=\"915\" data-end=\"961\">Amplio conocimiento local y una red confiable de proveedores<\/li>\n<li data-section-id=\"1t02gkz\" data-start=\"962\" data-end=\"1009\">Atenci\u00f3n biling\u00fce para clientes internacionales<\/li>\n<li data-section-id=\"1qpc3fe\" data-start=\"1010\" data-end=\"1060\">Coordinaci\u00f3n integral de principio a fin<\/li>\n<\/ul>\n<p data-start=\"1062\" data-end=\"1192\">Nuestro profundo conocimiento local nos permite recomendar los mejores espacios para eventos en Cozumel, asegurando que tu evento sea \u00fanico e inolvidable.<\/p>\n\n\t\t<\/div>\n\t<\/div>\n<div class=\"vc_empty_space\"   style=\"height: 10px\"><span class=\"vc_empty_space_inner\"><\/span><\/div><div class=\"vc_custom_1775989063947 ubtn-ctn-left\"><a class=\"ubtn-link ult-adjust-bottom-margin ubtn-left ubtn-normal\" href=\"\/\/cozumelweddings.net\/es\/about-us\/\" title=\"Paquetes\" ><button type=\"button\" id=\"ubtn-9504\"  class=\"ubtn ult-adjust-bottom-margin ult-responsive ubtn-normal ubtn-no-hover-bg  none  ubtn-left   tooltip-6a007e24b237e\"  data-hover=\"#ffffff\" data-border-color=\"#6bbdc3\" data-bg=\"#ffffff\" data-hover-bg=\"#6bbdc3\" data-border-hover=\"#ffffff\" data-shadow-hover=\"\" data-shadow-click=\"none\" data-shadow=\"\" data-shd-shadow=\"\"  data-ultimate-target='#ubtn-9504'  data-responsive-json-new='{\"font-size\":\"desktop:15px;\",\"line-height\":\"\"}'  style=\"font-family:&#039;Open Sans&#039;;font-weight:bold;border-radius:3px;border-width:2px;border-color:#6bbdc3;border-style:solid;background: #ffffff;color: #6bbdc3;\"><span class=\"ubtn-hover\" style=\"background-color:#6bbdc3\"><\/span><span class=\"ubtn-data ubtn-text\" >M\u00c1S SOBRE NOSOTROS<\/span><\/button><\/a><\/div><\/div><\/div><\/div><div class=\"wpb_column vc_column_container vc_col-sm-6\"><div class=\"vc_column-inner\"><div class=\"wpb_wrapper\">\n\t<div  class=\"wpb_single_image wpb_content_element vc_align_center\">\n\t\t\n\t\t<figure class=\"wpb_wrapper vc_figure\">\n\t\t\t<div class=\"vc_single_image-wrapper vc_box_border  vc_box_border_black\"><img loading=\"lazy\" decoding=\"async\" width=\"960\" height=\"795\" src=\"https:\/\/cozumelweddings.net\/wp-content\/uploads\/2026\/04\/Cozumel-Event-Planner.jpg\" class=\"vc_single_image-img attachment-full\" alt=\"Rustic Cozumel beach wedding reception by Something Special Event Planner Fiona Lomax; pampas grass and black chair decor.\" title=\"Cozumel Event Planner\" srcset=\"https:\/\/cozumelweddings.net\/wp-content\/uploads\/2026\/04\/Cozumel-Event-Planner.jpg 960w, https:\/\/cozumelweddings.net\/wp-content\/uploads\/2026\/04\/Cozumel-Event-Planner-300x248.jpg 300w, https:\/\/cozumelweddings.net\/wp-content\/uploads\/2026\/04\/Cozumel-Event-Planner-768x636.jpg 768w\" sizes=\"auto, (max-width: 960px) 100vw, 960px\"  data-dt-location=\"https:\/\/cozumelweddings.net\/es\/cozumel-event-planner\/cozumel-event-planner-2\/\" \/><\/div>\n\t\t<\/figure>\n\t<\/div>\n<\/div><\/div><\/div><\/div><div data-vc-full-width=\"true\" data-vc-full-width-temp=\"true\" data-vc-full-width-init=\"false\" class=\"vc_row wpb_row vc_row-fluid vc_row-o-equal-height vc_row-o-content-middle vc_row-flex\"><div class=\"wpb_column vc_column_container vc_col-sm-6\"><div class=\"vc_column-inner\"><div class=\"wpb_wrapper\">\n\t<div  class=\"wpb_single_image wpb_content_element vc_align_center\">\n\t\t\n\t\t<figure class=\"wpb_wrapper vc_figure\">\n\t\t\t<div class=\"vc_single_image-wrapper vc_box_border  vc_box_border_black\"><img loading=\"lazy\" decoding=\"async\" width=\"960\" height=\"795\" src=\"https:\/\/cozumelweddings.net\/wp-content\/uploads\/2026\/04\/Event-Planner.jpg\" class=\"vc_single_image-img attachment-full\" alt=\"Wedding guests enjoying an outdoor reception on a white sand beach in Cozumel, with round tables, white chair covers, and ocean views.\" title=\"Planeaci\u00f3n de eventos\" srcset=\"https:\/\/cozumelweddings.net\/wp-content\/uploads\/2026\/04\/Event-Planner.jpg 960w, https:\/\/cozumelweddings.net\/wp-content\/uploads\/2026\/04\/Event-Planner-300x248.jpg 300w, https:\/\/cozumelweddings.net\/wp-content\/uploads\/2026\/04\/Event-Planner-768x636.jpg 768w\" sizes=\"auto, (max-width: 960px) 100vw, 960px\"  data-dt-location=\"https:\/\/cozumelweddings.net\/es\/cozumel-event-planner\/event-planner-2\/\" \/><\/div>\n\t\t<\/figure>\n\t<\/div>\n<\/div><\/div><\/div><div class=\"wpb_column vc_column_container vc_col-sm-6\"><div class=\"vc_column-inner\"><div class=\"wpb_wrapper\"><h2 style=\"font-size: 30px;color: #6BBDC3;text-align: left\" class=\"vc_custom_heading vc_do_custom_heading\" >Tipos de eventos que organizamos en Cozumel<\/h2>\n\t<div class=\"wpb_text_column wpb_content_element\" >\n\t\t<div class=\"wpb_wrapper\">\n\t\t\t<p data-start=\"1895\" data-end=\"1980\">Nos especializamos en una amplia gama de eventos dise\u00f1ados para crear experiencias inolvidables:<\/p>\n<ul data-start=\"1982\" data-end=\"2239\">\n<li data-section-id=\"1yqbslw\" data-start=\"1982\" data-end=\"2017\"><strong data-start=\"1984\" data-end=\"2015\">Eventos corporativos en Cozumel<\/strong><\/li>\n<li data-section-id=\"ffn2uv\" data-start=\"2018\" data-end=\"2058\"><strong data-start=\"2020\" data-end=\"2056\">Fiestas y celebraciones privadas<\/strong><\/li>\n<li data-section-id=\"1u8mxpg\" data-start=\"2059\" data-end=\"2101\"><strong data-start=\"2061\" data-end=\"2099\">Celebraciones de cumplea\u00f1os y aniversarios<\/strong><\/li>\n<li data-section-id=\"1zq6h4\" data-start=\"2102\" data-end=\"2150\"><strong data-start=\"2104\" data-end=\"2148\">Celebraciones de compromiso y cenas de ensayo<\/strong><\/li>\n<li data-section-id=\"1mbe2nq\" data-start=\"2151\" data-end=\"2191\"><strong data-start=\"2153\" data-end=\"2189\">Eventos para grupos de cruceros en Cozumel<\/strong><\/li>\n<li data-section-id=\"tz20i4\" data-start=\"2192\" data-end=\"2239\"><strong data-start=\"2194\" data-end=\"2237\">Eventos de lujo frente al mar y experiencias VIP exclusivas<\/strong><\/li>\n<\/ul>\n<p data-start=\"2241\" data-end=\"2350\">Sin importar la ocasi\u00f3n, nuestro equipo de planeaci\u00f3n de eventos en Cozumel aporta creatividad, organizaci\u00f3n y atenci\u00f3n a cada detalle.<\/p>\n\n\t\t<\/div>\n\t<\/div>\n<div class=\"ubtn-ctn-left\"><a class=\"ubtn-link ult-adjust-bottom-margin ubtn-left ubtn-normal\" href=\"\/\/cozumelweddings.net\/es\/gallery\/\" title=\"Paquetes\" ><button type=\"button\" id=\"ubtn-1158\"  class=\"ubtn ult-adjust-bottom-margin ult-responsive ubtn-normal ubtn-no-hover-bg  none  ubtn-left   tooltip-6a007e24b3a88\"  data-hover=\"#ffffff\" data-border-color=\"#6bbdc3\" data-bg=\"#ffffff\" data-hover-bg=\"#6bbdc3\" data-border-hover=\"#ffffff\" data-shadow-hover=\"\" data-shadow-click=\"none\" data-shadow=\"\" data-shd-shadow=\"\"  data-ultimate-target='#ubtn-1158'  data-responsive-json-new='{\"font-size\":\"desktop:15px;\",\"line-height\":\"\"}'  style=\"font-family:&#039;Open Sans&#039;;font-weight:bold;border-radius:3px;border-width:2px;border-color:#6bbdc3;border-style:solid;background: #ffffff;color: #6bbdc3;\"><span class=\"ubtn-hover\" style=\"background-color:#6bbdc3\"><\/span><span class=\"ubtn-data ubtn-text\" >VER GALER\u00cdA<\/span><\/button><\/a><\/div><\/div><\/div><\/div><\/div><div class=\"vc_row-full-width vc_clearfix\"><\/div><div data-vc-full-width=\"true\" data-vc-full-width-temp=\"true\" data-vc-full-width-init=\"false\" class=\"vc_row wpb_row vc_row-fluid vc_row-o-equal-height vc_row-o-content-middle vc_row-flex\"><div class=\"wpb_column vc_column_container vc_col-sm-6\"><div class=\"vc_column-inner vc_custom_1775987624509\"><div class=\"wpb_wrapper\"><h2 style=\"color: #6BBDC3;text-align: left\" class=\"vc_custom_heading vc_do_custom_heading\" >Comienza a planear tu boda en Cozumel hoy mismo<\/h2>\n\t<div class=\"wpb_text_column wpb_content_element\" >\n\t\t<div class=\"wpb_wrapper\">\n\t\t\t<p data-start=\"3711\" data-end=\"3762\">\u00bfListos para crear un evento inolvidable en el para\u00edso?<\/p>\n<p data-start=\"3764\" data-end=\"3929\">Conecta con un equipo de planeaci\u00f3n de eventos de confianza en Cozumel y d\u00e9janos hacer realidad tu visi\u00f3n. Comparte tus ideas y crearemos una experiencia personalizada dise\u00f1ada especialmente para ti.<\/p>\n<p data-start=\"3538\" data-end=\"3637\">\ud83d\udc49 Cont\u00e1ctanos hoy o completa nuestro formulario <strong><a href=\"https:\/\/cozumelweddings.net\/es\/planning-form\/\">planning form<\/a><\/strong> to get started!<\/p>\n\n\t\t<\/div>\n\t<\/div>\n<\/div><\/div><\/div><div class=\"wpb_column vc_column_container vc_col-sm-6\"><div class=\"vc_column-inner vc_custom_1775988931139\"><div class=\"wpb_wrapper\">\n\t<div class=\"wpb_raw_code wpb_raw_html wpb_content_element vc_custom_1775987565947\" >\n\t\t<div class=\"wpb_wrapper\">\n\t\t\t<div class=\"cognito\">\n<script src=\"https:\/\/services.cognitoforms.com\/s\/Ii3tyv_-Vk6PUJm4oTJJkQ\"><\/script>\n<script>Cognito.load(\"forms\", { id: \"2\" });<\/script>\n<\/div>\n\t\t<\/div>\n\t<\/div>\n<\/div><\/div><\/div><\/div><div class=\"vc_row-full-width vc_clearfix\"><\/div>\n<\/div>","protected":false},"excerpt":{"rendered":"<p>Cozumel Event Planner \u2013 Professional Event Planning in Paradise Planning an event in Cozumel should be exciting, seamless, and unforgettable. As an experienced Cozumel event planner, we specialize in organizing exceptional events tailored to your vision, style, and budget. From private celebrations to corporate gatherings, our expert event planner Cozumel team handles every detail\u2014so you&hellip;<\/p>","protected":false},"author":6,"featured_media":0,"parent":0,"menu_order":0,"comment_status":"closed","ping_status":"closed","template":"","meta":{"footnotes":""},"class_list":["post-1000","page","type-page","status-publish","hentry","description-off"],"_links":{"self":[{"href":"https:\/\/cozumelweddings.net\/es\/wp-json\/wp\/v2\/pages\/1000","targetHints":{"allow":["GET"]}}],"collection":[{"href":"https:\/\/cozumelweddings.net\/es\/wp-json\/wp\/v2\/pages"}],"about":[{"href":"https:\/\/cozumelweddings.net\/es\/wp-json\/wp\/v2\/types\/page"}],"author":[{"embeddable":true,"href":"https:\/\/cozumelweddings.net\/es\/wp-json\/wp\/v2\/users\/6"}],"replies":[{"embeddable":true,"href":"https:\/\/cozumelweddings.net\/es\/wp-json\/wp\/v2\/comments?post=1000"}],"version-history":[{"count":5,"href":"https:\/\/cozumelweddings.net\/es\/wp-json\/wp\/v2\/pages\/1000\/revisions"}],"predecessor-version":[{"id":1008,"href":"https:\/\/cozumelweddings.net\/es\/wp-json\/wp\/v2\/pages\/1000\/revisions\/1008"}],"wp:attachment":[{"href":"https:\/\/cozumelweddings.net\/es\/wp-json\/wp\/v2\/media?parent=1000"}],"curies":[{"name":"wp","href":"https:\/\/api.w.org\/{rel}","templated":true}]}}