{"id":1011,"date":"2026-04-16T13:56:33","date_gmt":"2026-04-16T13:56:33","guid":{"rendered":"https:\/\/cozumelweddings.net\/?page_id=1011"},"modified":"2026-04-16T13:56:33","modified_gmt":"2026-04-16T13:56:33","slug":"cruise-ship-wedding-planner","status":"publish","type":"page","link":"https:\/\/cozumelweddings.net\/es\/cruise-ship-wedding-planner\/","title":{"rendered":"Planeaci\u00f3n de bodas de cruceros en Cozumel"},"content":{"rendered":"<div class=\"wpb-content-wrapper\"><div class=\"vc_row wpb_row vc_row-fluid dt-default\" style=\"margin-top: 0px;margin-bottom: 0px\"><div class=\"wpb_column vc_column_container vc_col-sm-12\"><div class=\"vc_column-inner\"><div class=\"wpb_wrapper\"><h1 style=\"font-size: 30px;color: #6BBDC3;text-align: center;font-family:Open Sans;font-weight:700;font-style:normal\" class=\"vc_custom_heading vc_do_custom_heading\" >Planeaci\u00f3n de bodas en cruceros en Cozumel \u2013 Tu boda perfecta en un solo d\u00eda<\/h1><div class=\"vc_empty_space\"   style=\"height: 10px\"><span class=\"vc_empty_space_inner\"><\/span><\/div><\/div><\/div><\/div><\/div><div class=\"vc_row wpb_row vc_row-fluid vc_row-o-equal-height vc_row-o-content-middle vc_row-flex\"><div class=\"wpb_column vc_column_container vc_col-sm-12\"><div class=\"vc_column-inner\"><div class=\"wpb_wrapper\">\n\t<div class=\"wpb_text_column wpb_content_element  vc_custom_1776347750287\" >\n\t\t<div class=\"wpb_wrapper\">\n\t\t\t<p data-start=\"210\" data-end=\"477\">Planear una boda durante tu escala de crucero en Cozumel debe ser una experiencia f\u00e1cil, emocionante y perfectamente organizada. Como especialistas en bodas para pasajeros de cruceros, dise\u00f1amos ceremonias impecables y cuidadosamente coordinadas, adaptadas para aprovechar al m\u00e1ximo el tiempo limitado que tienes en la isla.<\/p>\n<p data-start=\"479\" data-end=\"666\">Desde el momento en que llegas hasta el momento en que regresas a tu crucero, nuestro equipo experto se encarga de cada detalle, asegurando que tu boda se desarrolle de manera impecable, sin estr\u00e9s y exactamente como la imaginaste.<\/p>\n<p data-start=\"668\" data-end=\"843\">Ya sea que imagines una rom\u00e1ntica ceremonia en la playa, una boda \u00edntima o una celebraci\u00f3n con tus seres queridos m\u00e1s cercanos, aprovechamos al m\u00e1ximo tu escala de un solo d\u00eda en Cozumel.<\/p>\n<p data-start=\"845\" data-end=\"961\"><strong data-start=\"845\" data-end=\"961\">Las bodas de cruceros son nuestra especialidad; transformamos tu corta estancia en un momento inolvidable, \u00a1Something Special!<\/strong><\/p>\n\n\t\t<\/div>\n\t<\/div>\n\n\t<div class=\"wpb_text_column wpb_content_element\" >\n\t\t<div class=\"wpb_wrapper\">\n\t\t\t<p style=\"text-align: center;\">Nos especializamos en una amplia variedad de eventos dise\u00f1ados para crear experiencias inolvidables. Hacemos de tu evento en Cozumel una experiencia verdaderamente especial. <em><strong>Something <\/strong><\/em><em><strong>Special!<\/strong><\/em><\/p>\n\n\t\t<\/div>\n\t<\/div>\n<div class=\"vc_empty_space\"   style=\"height: 10px\"><span class=\"vc_empty_space_inner\"><\/span><\/div><div class=\"ubtn-ctn-center\"><a class=\"ubtn-link ult-adjust-bottom-margin ubtn-center ubtn-normal\" href=\"\/\/cozumelweddings.net\/es\/packages\/\" title=\"Paquetes\" ><button type=\"button\" id=\"ubtn-9787\"  class=\"ubtn ult-adjust-bottom-margin ult-responsive ubtn-normal ubtn-no-hover-bg  none  ubtn-center   tooltip-6a007eadcc3bc\"  data-hover=\"#ffffff\" data-border-color=\"#6bbdc3\" data-bg=\"#ffffff\" data-hover-bg=\"#6bbdc3\" data-border-hover=\"#ffffff\" data-shadow-hover=\"\" data-shadow-click=\"none\" data-shadow=\"\" data-shd-shadow=\"\"  data-ultimate-target='#ubtn-9787'  data-responsive-json-new='{\"font-size\":\"desktop:15px;\",\"line-height\":\"\"}'  style=\"font-family:&#039;Open Sans&#039;;font-weight:bold;border-radius:3px;border-width:2px;border-color:#6bbdc3;border-style:solid;background: #ffffff;color: #6bbdc3;\"><span class=\"ubtn-hover\" style=\"background-color:#6bbdc3\"><\/span><span class=\"ubtn-data ubtn-text\" >DESCUBRE NUESTROS PAQUETES<\/span><\/button><\/a><\/div><div class=\"vc_empty_space\"   style=\"height: 20px\"><span class=\"vc_empty_space_inner\"><\/span><\/div><\/div><\/div><\/div><\/div><div class=\"vc_row wpb_row vc_row-fluid vc_row-o-equal-height vc_row-o-content-middle vc_row-flex\"><div class=\"wpb_column vc_column_container vc_col-sm-6\"><div class=\"vc_column-inner vc_custom_1775989200416\"><div class=\"wpb_wrapper\"><h2 style=\"font-size: 30px;color: #6BBDC3;text-align: left\" class=\"vc_custom_heading vc_do_custom_heading\" >\u00bfPor qu\u00e9 elegir nuestros servicios de planeaci\u00f3n de eventos en Cozumel?<\/h2>\n\t<div class=\"wpb_text_column wpb_content_element\" >\n\t\t<div class=\"wpb_wrapper\">\n\t\t\t<p data-start=\"696\" data-end=\"863\">Con m\u00e1s de 28 a\u00f1os de experiencia en la planeaci\u00f3n de eventos en Cozumel, somos una empresa confiable reconocida por nuestro profesionalismo, creatividad y ejecuci\u00f3n impecable.<\/p>\n<p data-start=\"865\" data-end=\"874\">Ofrecemos:<\/p>\n<ul data-start=\"875\" data-end=\"1060\">\n<li data-section-id=\"1mvzz1u\" data-start=\"875\" data-end=\"914\">Soluciones integrales de planeaci\u00f3n de eventos personalizadas<\/li>\n<li data-section-id=\"9tlak3\" data-start=\"915\" data-end=\"961\">Amplio conocimiento local y una red confiable de proveedores<\/li>\n<li data-section-id=\"1t02gkz\" data-start=\"962\" data-end=\"1009\">Atenci\u00f3n biling\u00fce para clientes internacionales<\/li>\n<li data-section-id=\"1qpc3fe\" data-start=\"1010\" data-end=\"1060\">Coordinaci\u00f3n integral de principio a fin<\/li>\n<\/ul>\n<p data-start=\"1062\" data-end=\"1192\">Nuestro profundo conocimiento local nos permite recomendar los mejores espacios para eventos en Cozumel, asegurando que tu evento sea \u00fanico e inolvidable.<\/p>\n\n\t\t<\/div>\n\t<\/div>\n<div class=\"vc_empty_space\"   style=\"height: 10px\"><span class=\"vc_empty_space_inner\"><\/span><\/div><div class=\"vc_custom_1775989063947 ubtn-ctn-left\"><a class=\"ubtn-link ult-adjust-bottom-margin ubtn-left ubtn-normal\" href=\"\/\/cozumelweddings.net\/es\/about-us\/\" title=\"Paquetes\" ><button type=\"button\" id=\"ubtn-4090\"  class=\"ubtn ult-adjust-bottom-margin ult-responsive ubtn-normal ubtn-no-hover-bg  none  ubtn-left   tooltip-6a007eadccf67\"  data-hover=\"#ffffff\" data-border-color=\"#6bbdc3\" data-bg=\"#ffffff\" data-hover-bg=\"#6bbdc3\" data-border-hover=\"#ffffff\" data-shadow-hover=\"\" data-shadow-click=\"none\" data-shadow=\"\" data-shd-shadow=\"\"  data-ultimate-target='#ubtn-4090'  data-responsive-json-new='{\"font-size\":\"desktop:15px;\",\"line-height\":\"\"}'  style=\"font-family:&#039;Open Sans&#039;;font-weight:bold;border-radius:3px;border-width:2px;border-color:#6bbdc3;border-style:solid;background: #ffffff;color: #6bbdc3;\"><span class=\"ubtn-hover\" style=\"background-color:#6bbdc3\"><\/span><span class=\"ubtn-data ubtn-text\" >M\u00c1S SOBRE NOSOTROS<\/span><\/button><\/a><\/div><\/div><\/div><\/div><div class=\"wpb_column vc_column_container vc_col-sm-6\"><div class=\"vc_column-inner\"><div class=\"wpb_wrapper\">\n\t<div  class=\"wpb_single_image wpb_content_element vc_align_center\">\n\t\t\n\t\t<figure class=\"wpb_wrapper vc_figure\">\n\t\t\t<div class=\"vc_single_image-wrapper vc_box_border  vc_box_border_black\"><img loading=\"lazy\" decoding=\"async\" width=\"960\" height=\"795\" src=\"https:\/\/cozumelweddings.net\/wp-content\/uploads\/2026\/04\/Cozumel-Event-Planner.jpg\" class=\"vc_single_image-img attachment-full\" alt=\"Rustic Cozumel beach wedding reception by Something Special Event Planner Fiona Lomax; pampas grass and black chair decor.\" title=\"Cozumel Event Planner\" srcset=\"https:\/\/cozumelweddings.net\/wp-content\/uploads\/2026\/04\/Cozumel-Event-Planner.jpg 960w, https:\/\/cozumelweddings.net\/wp-content\/uploads\/2026\/04\/Cozumel-Event-Planner-300x248.jpg 300w, https:\/\/cozumelweddings.net\/wp-content\/uploads\/2026\/04\/Cozumel-Event-Planner-768x636.jpg 768w\" sizes=\"auto, (max-width: 960px) 100vw, 960px\"  data-dt-location=\"https:\/\/cozumelweddings.net\/es\/cozumel-event-planner\/cozumel-event-planner-2\/\" \/><\/div>\n\t\t<\/figure>\n\t<\/div>\n<\/div><\/div><\/div><\/div><div data-vc-full-width=\"true\" data-vc-full-width-temp=\"true\" data-vc-full-width-init=\"false\" class=\"vc_row wpb_row vc_row-fluid vc_row-o-equal-height vc_row-o-content-middle vc_row-flex\"><div class=\"wpb_column vc_column_container vc_col-sm-6\"><div class=\"vc_column-inner\"><div class=\"wpb_wrapper\">\n\t<div  class=\"wpb_single_image wpb_content_element vc_align_center\">\n\t\t\n\t\t<figure class=\"wpb_wrapper vc_figure\">\n\t\t\t<div class=\"vc_single_image-wrapper vc_box_border  vc_box_border_black\"><img loading=\"lazy\" decoding=\"async\" width=\"960\" height=\"795\" src=\"https:\/\/cozumelweddings.net\/wp-content\/uploads\/2026\/04\/Event-Planner.jpg\" class=\"vc_single_image-img attachment-full\" alt=\"Wedding guests enjoying an outdoor reception on a white sand beach in Cozumel, with round tables, white chair covers, and ocean views.\" title=\"Planeaci\u00f3n de eventos\" srcset=\"https:\/\/cozumelweddings.net\/wp-content\/uploads\/2026\/04\/Event-Planner.jpg 960w, https:\/\/cozumelweddings.net\/wp-content\/uploads\/2026\/04\/Event-Planner-300x248.jpg 300w, https:\/\/cozumelweddings.net\/wp-content\/uploads\/2026\/04\/Event-Planner-768x636.jpg 768w\" sizes=\"auto, (max-width: 960px) 100vw, 960px\"  data-dt-location=\"https:\/\/cozumelweddings.net\/es\/cozumel-event-planner\/event-planner-2\/\" \/><\/div>\n\t\t<\/figure>\n\t<\/div>\n<\/div><\/div><\/div><div class=\"wpb_column vc_column_container vc_col-sm-6\"><div class=\"vc_column-inner\"><div class=\"wpb_wrapper\"><h2 style=\"font-size: 30px;color: #6BBDC3;text-align: left\" class=\"vc_custom_heading vc_do_custom_heading\" >Tipos de eventos que organizamos en Cozumel<\/h2>\n\t<div class=\"wpb_text_column wpb_content_element\" >\n\t\t<div class=\"wpb_wrapper\">\n\t\t\t<p data-start=\"1895\" data-end=\"1980\">Nos especializamos en una amplia gama de eventos dise\u00f1ados para crear experiencias inolvidables:<\/p>\n<ul data-start=\"1982\" data-end=\"2239\">\n<li data-section-id=\"1yqbslw\" data-start=\"1982\" data-end=\"2017\"><strong data-start=\"1984\" data-end=\"2015\">Eventos corporativos en Cozumel<\/strong><\/li>\n<li data-section-id=\"ffn2uv\" data-start=\"2018\" data-end=\"2058\"><strong data-start=\"2020\" data-end=\"2056\">Fiestas y celebraciones privadas<\/strong><\/li>\n<li data-section-id=\"1u8mxpg\" data-start=\"2059\" data-end=\"2101\"><strong data-start=\"2061\" data-end=\"2099\">Celebraciones de cumplea\u00f1os y aniversarios<\/strong><\/li>\n<li data-section-id=\"1zq6h4\" data-start=\"2102\" data-end=\"2150\"><strong data-start=\"2104\" data-end=\"2148\">Celebraciones de compromiso y cenas de ensayo<\/strong><\/li>\n<li data-section-id=\"1mbe2nq\" data-start=\"2151\" data-end=\"2191\"><strong data-start=\"2153\" data-end=\"2189\">Eventos para grupos de cruceros en Cozumel<\/strong><\/li>\n<li data-section-id=\"tz20i4\" data-start=\"2192\" data-end=\"2239\"><strong data-start=\"2194\" data-end=\"2237\">Eventos de lujo frente al mar y experiencias VIP exclusivas<\/strong><\/li>\n<\/ul>\n<p data-start=\"2241\" data-end=\"2350\">Sin importar la ocasi\u00f3n, nuestro equipo de planeaci\u00f3n de eventos en Cozumel aporta creatividad, organizaci\u00f3n y atenci\u00f3n a cada detalle.<\/p>\n\n\t\t<\/div>\n\t<\/div>\n<div class=\"ubtn-ctn-left\"><a class=\"ubtn-link ult-adjust-bottom-margin ubtn-left ubtn-normal\" href=\"\/\/cozumelweddings.net\/es\/gallery\/\" title=\"Paquetes\" ><button type=\"button\" id=\"ubtn-5705\"  class=\"ubtn ult-adjust-bottom-margin ult-responsive ubtn-normal ubtn-no-hover-bg  none  ubtn-left   tooltip-6a007eadceb88\"  data-hover=\"#ffffff\" data-border-color=\"#6bbdc3\" data-bg=\"#ffffff\" data-hover-bg=\"#6bbdc3\" data-border-hover=\"#ffffff\" data-shadow-hover=\"\" data-shadow-click=\"none\" data-shadow=\"\" data-shd-shadow=\"\"  data-ultimate-target='#ubtn-5705'  data-responsive-json-new='{\"font-size\":\"desktop:15px;\",\"line-height\":\"\"}'  style=\"font-family:&#039;Open Sans&#039;;font-weight:bold;border-radius:3px;border-width:2px;border-color:#6bbdc3;border-style:solid;background: #ffffff;color: #6bbdc3;\"><span class=\"ubtn-hover\" style=\"background-color:#6bbdc3\"><\/span><span class=\"ubtn-data ubtn-text\" >VER GALER\u00cdA<\/span><\/button><\/a><\/div><\/div><\/div><\/div><\/div><div class=\"vc_row-full-width vc_clearfix\"><\/div><div data-vc-full-width=\"true\" data-vc-full-width-temp=\"true\" data-vc-full-width-init=\"false\" class=\"vc_row wpb_row vc_row-fluid vc_row-o-equal-height vc_row-o-content-middle vc_row-flex\"><div class=\"wpb_column vc_column_container vc_col-sm-6\"><div class=\"vc_column-inner vc_custom_1775987624509\"><div class=\"wpb_wrapper\"><h2 style=\"color: #6BBDC3;text-align: left\" class=\"vc_custom_heading vc_do_custom_heading\" >Comienza a planear tu boda en Cozumel hoy mismo<\/h2>\n\t<div class=\"wpb_text_column wpb_content_element\" >\n\t\t<div class=\"wpb_wrapper\">\n\t\t\t<p data-start=\"3711\" data-end=\"3762\">\u00bfListos para crear un evento inolvidable en el para\u00edso?<\/p>\n<p data-start=\"3764\" data-end=\"3929\">Conecta con un equipo de planeaci\u00f3n de eventos de confianza en Cozumel y d\u00e9janos hacer realidad tu visi\u00f3n. Comparte tus ideas y crearemos una experiencia personalizada dise\u00f1ada especialmente para ti.<\/p>\n<p data-start=\"3538\" data-end=\"3637\">\ud83d\udc49 Cont\u00e1ctanos hoy o completa nuestro formulario <strong><a href=\"https:\/\/cozumelweddings.net\/es\/planning-form\/\">planning form<\/a><\/strong> to get started!<\/p>\n\n\t\t<\/div>\n\t<\/div>\n<\/div><\/div><\/div><div class=\"wpb_column vc_column_container vc_col-sm-6\"><div class=\"vc_column-inner vc_custom_1775988931139\"><div class=\"wpb_wrapper\">\n\t<div class=\"wpb_raw_code wpb_raw_html wpb_content_element vc_custom_1775987565947\" >\n\t\t<div class=\"wpb_wrapper\">\n\t\t\t<div class=\"cognito\">\n<script src=\"https:\/\/services.cognitoforms.com\/s\/Ii3tyv_-Vk6PUJm4oTJJkQ\"><\/script>\n<script>Cognito.load(\"forms\", { id: \"2\" });<\/script>\n<\/div>\n\t\t<\/div>\n\t<\/div>\n<\/div><\/div><\/div><\/div><div class=\"vc_row-full-width vc_clearfix\"><\/div>\n<\/div>","protected":false},"excerpt":{"rendered":"<p>Cruise Ship Wedding Planner in Cozumel \u2013 Your Perfect Wedding in One Day Planning a wedding during your cruise stop in Cozumel should feel effortless, exciting, and perfectly timed. As specialists in cruise ship passenger weddings, we create seamless, beautifully organized ceremonies designed to fit within your limited time on the island. From the moment&hellip;<\/p>","protected":false},"author":5,"featured_media":0,"parent":0,"menu_order":0,"comment_status":"closed","ping_status":"closed","template":"","meta":{"footnotes":""},"class_list":["post-1011","page","type-page","status-publish","hentry","description-off"],"_links":{"self":[{"href":"https:\/\/cozumelweddings.net\/es\/wp-json\/wp\/v2\/pages\/1011","targetHints":{"allow":["GET"]}}],"collection":[{"href":"https:\/\/cozumelweddings.net\/es\/wp-json\/wp\/v2\/pages"}],"about":[{"href":"https:\/\/cozumelweddings.net\/es\/wp-json\/wp\/v2\/types\/page"}],"author":[{"embeddable":true,"href":"https:\/\/cozumelweddings.net\/es\/wp-json\/wp\/v2\/users\/5"}],"replies":[{"embeddable":true,"href":"https:\/\/cozumelweddings.net\/es\/wp-json\/wp\/v2\/comments?post=1011"}],"version-history":[{"count":2,"href":"https:\/\/cozumelweddings.net\/es\/wp-json\/wp\/v2\/pages\/1011\/revisions"}],"predecessor-version":[{"id":1013,"href":"https:\/\/cozumelweddings.net\/es\/wp-json\/wp\/v2\/pages\/1011\/revisions\/1013"}],"wp:attachment":[{"href":"https:\/\/cozumelweddings.net\/es\/wp-json\/wp\/v2\/media?parent=1011"}],"curies":[{"name":"wp","href":"https:\/\/api.w.org\/{rel}","templated":true}]}}