{"id":11,"date":"2019-03-22T00:21:18","date_gmt":"2019-03-22T00:21:18","guid":{"rendered":"http:\/\/cozumelweddings.net\/?page_id=11"},"modified":"2026-05-01T01:29:44","modified_gmt":"2026-05-01T01:29:44","slug":"planning-form","status":"publish","type":"page","link":"https:\/\/cozumelweddings.net\/es\/planning-form\/","title":{"rendered":"Empieza hoy"},"content":{"rendered":"<div class=\"wpb-content-wrapper\"><div class=\"vc_row wpb_row vc_row-fluid dt-default\" style=\"margin-top: 0px;margin-bottom: 0px\"><div class=\"wpb_column vc_column_container vc_col-sm-12\"><div class=\"vc_column-inner\"><div class=\"wpb_wrapper\"><div class=\"vc_empty_space\"   style=\"height: 20px\"><span class=\"vc_empty_space_inner\"><\/span><\/div><h1 style=\"color: #6d6d6d;text-align: center;font-family:Open Sans;font-weight:700;font-style:normal\" class=\"vc_custom_heading vc_do_custom_heading\" >Comienza a planear tu boda en Cozumel<\/h1><div class=\"vc_empty_space\"   style=\"height: 40px\"><span class=\"vc_empty_space_inner\"><\/span><\/div>\n\t<div class=\"wpb_text_column wpb_content_element\" >\n\t\t<div class=\"wpb_wrapper\">\n\t\t\t<p style=\"text-align: left;\" data-path-to-node=\"4\">Dise\u00f1ando tu <b data-path-to-node=\"4\" data-index-in-node=\"15\">destination wedding in Cozumel<\/b> Todo comienza con tu visi\u00f3n \u00fanica. Ya sea que sue\u00f1es con una ceremonia descalzos en la playa, una celebraci\u00f3n en una villa de lujo o una escapada r\u00e1pida desde un crucero en la isla, la planeaci\u00f3n y cada detalle son completamente tuyos para dise\u00f1ar.<\/p>\n<p style=\"text-align: left;\" data-path-to-node=\"5\">Como tu equipo dedicado de <b data-path-to-node=\"5\" data-index-in-node=\"18\">Cozumel wedding planners<\/b>Como tu equipo dedicado, nuestro objetivo es hacer realidad tus sue\u00f1os, encarg\u00e1ndonos de la log\u00edstica local, la coordinaci\u00f3n de proveedores y todos los requisitos legales, para que t\u00fa solo te dediques a disfrutar de la magia del Caribe Mexicano.<\/p>\n<h3 style=\"text-align: left;\" data-path-to-node=\"6\">Comparte tu visi\u00f3n con nosotros<\/h3>\n<p style=\"text-align: left;\" data-path-to-node=\"7\">To help us create a celebration that feels authentically &#8220;you,&#8221; please share your ideas in the form below.<\/p>\n<ul style=\"text-align: left;\" data-path-to-node=\"8\">\n<li>\n<p data-path-to-node=\"8,0,0\"><b data-path-to-node=\"8,0,0\" data-index-in-node=\"0\">Pinterest &amp; Inspiration:<\/b> si usted tiene ideas, fotos desde <a href=\"https:\/\/www.pinterest.com\/\" target=\"_blank\" rel=\"noopener\"><b data-path-to-node=\"8,0,0\" data-index-in-node=\"59\">Pinterest<\/b><\/a>,<strong> <a href=\"https:\/\/www.instagram.com\/\" target=\"_blank\" rel=\"noopener\">Instagram<\/a><\/strong>o blogs de bodas, por favor pega los enlaces en el campo de mensaje. Esta es la mejor manera de entender tu visi\u00f3n de boda con detalle, desde la est\u00e9tica floral hasta la paleta de colores.<\/p>\n<\/li>\n<li>\n<p data-path-to-node=\"8,1,0\"><b data-path-to-node=\"8,1,0\" data-index-in-node=\"0\">Personalizaci\u00f3n:<\/b> Recuerda, no hacemos eventos \u201cprefabricados\u201d. Cada detalle\u2014desde el tipo de ceremonia hasta la decoraci\u00f3n de la recepci\u00f3n\u2014se personaliza completamente seg\u00fan tus preferencias.<\/p>\n<\/li>\n<\/ul>\n<h3 style=\"text-align: left;\" data-path-to-node=\"9\">Recursos \u00fatiles antes de comenzar<\/h3>\n<p style=\"text-align: left;\" data-path-to-node=\"10\">Mientras completas el formulario <b data-path-to-node=\"10\" data-index-in-node=\"23\">Cozumel wedding planning form<\/b>podr\u00edas encontrar \u00fatiles estas p\u00e1ginas para definir mejor tus preferencias:<\/p>\n<ul data-path-to-node=\"11\">\n<li style=\"text-align: left;\">\n<p data-path-to-node=\"11,0,0\"><b data-path-to-node=\"11,0,0\" data-index-in-node=\"0\">Explorar Opciones<\/b> Browse our <a href=\"https:\/\/cozumelweddings.net\/es\/packages\/\">Cozumel Paquetes de Bodas <\/a>to see the difference between legal and symbolic ceremonies.<\/p>\n<\/li>\n<li style=\"text-align: left;\">\n<p data-path-to-node=\"11,1,0\"><b data-path-to-node=\"11,1,0\" data-index-in-node=\"0\">Insp\u00edrate:<\/b> Vea Nuestra <a class=\"ng-star-inserted\" href=\"https:\/\/cozumelweddings.net\/es\/gallery\/\" target=\"_blank\" rel=\"noopener\">Galer\u00eda de bodas<\/a> para ver ejemplos reales de c\u00f3mo hemos transformado diferentes espacios en Cozumel.<\/p>\n<\/li>\n<li>\n<p style=\"text-align: left;\" data-path-to-node=\"11,2,0\"><b data-path-to-node=\"11,2,0\" data-index-in-node=\"0\">Lo que dicen nuestras parejas:<\/b> Lea nuestra <a class=\"ng-star-inserted\" href=\"https:\/\/cozumelweddings.net\/es\/category\/testimonials\/\" target=\"_blank\" rel=\"noopener\">Testimonios<\/a> para descubrir por qu\u00e9 cientos de parejas han confiado en <b data-path-to-node=\"11,2,0\" data-index-in-node=\"85\">Something Special<\/b> with their big day.<\/p>\n<\/li>\n<\/ul>\n\n\t\t<\/div>\n\t<\/div>\n<h2 style=\"color: #6bbdc3;text-align: center;font-family:Dancing Script;font-weight:400;font-style:normal\" class=\"vc_custom_heading vc_do_custom_heading\" >Gracias!!!<\/h2><div class=\"vc_empty_space\"   style=\"height: 32px\"><span class=\"vc_empty_space_inner\"><\/span><\/div><\/div><\/div><\/div><\/div><div class=\"vc_row wpb_row vc_row-fluid dt-default\" style=\"margin-top: 0px;margin-bottom: 0px\"><div class=\"wpb_column vc_column_container vc_col-sm-2\"><div class=\"vc_column-inner\"><div class=\"wpb_wrapper\"><\/div><\/div><\/div><div class=\"wpb_column vc_column_container vc_col-sm-8\"><div class=\"vc_column-inner\"><div class=\"wpb_wrapper\">\n\t<div class=\"wpb_raw_code wpb_raw_html wpb_content_element\" >\n\t\t<div class=\"wpb_wrapper\">\n\t\t\t<div class=\"cognito\">\n<script src=\"https:\/\/services.cognitoforms.com\/s\/Ii3tyv_-Vk6PUJm4oTJJkQ\"><\/script>\n<script>Cognito.load(\"forms\", { id: \"1\" });<\/script>\n<\/div>\n\t\t<\/div>\n\t<\/div>\n<\/div><\/div><\/div><div class=\"wpb_column vc_column_container vc_col-sm-2\"><div class=\"vc_column-inner\"><div class=\"wpb_wrapper\"><\/div><\/div><\/div><\/div><div class=\"vc_row wpb_row vc_row-fluid dt-default\" style=\"margin-top: 0px;margin-bottom: 0px\"><div class=\"wpb_column vc_column_container vc_col-sm-12\"><div class=\"vc_column-inner\"><div class=\"wpb_wrapper\">\n\t<div  class=\"wpb_single_image wpb_content_element vc_align_center\">\n\t\t\n\t\t<figure class=\"wpb_wrapper vc_figure\">\n\t\t\t<div class=\"vc_single_image-wrapper vc_box_rounded  vc_box_border_grey\"><img loading=\"lazy\" decoding=\"async\" width=\"750\" height=\"500\" src=\"https:\/\/cozumelweddings.net\/wp-content\/uploads\/2022\/11\/Fun-16.jpg\" class=\"vc_single_image-img attachment-full\" alt=\"Bride and groom posing with a traditional Mexican Mariachi band on a beach in Cozumel, Mexico, with the blue ocean in the background.\" title=\"beach-wedding cozumel\" srcset=\"https:\/\/cozumelweddings.net\/wp-content\/uploads\/2022\/11\/Fun-16.jpg 750w, https:\/\/cozumelweddings.net\/wp-content\/uploads\/2022\/11\/Fun-16-300x200.jpg 300w\" sizes=\"auto, (max-width: 750px) 100vw, 750px\"  data-dt-location=\"https:\/\/cozumelweddings.net\/es\/gallery\/fun-16\/\" \/><\/div>\n\t\t<\/figure>\n\t<\/div>\n<\/div><\/div><\/div><\/div>\n<\/div>","protected":false},"excerpt":{"rendered":"<p>Start Your Cozumel Wedding Planning Journey Designing your destination wedding in Cozumel starts with your unique vision. Whether you are dreaming of a barefoot beach ceremony, a luxury villa celebration, or a quick cruise ship island escape, the planning and details are entirely yours to design. As your dedicated Cozumel wedding planners, our job is&hellip;<\/p>","protected":false},"author":3,"featured_media":0,"parent":0,"menu_order":0,"comment_status":"closed","ping_status":"closed","template":"","meta":{"footnotes":""},"class_list":["post-11","page","type-page","status-publish","hentry","description-off"],"_links":{"self":[{"href":"https:\/\/cozumelweddings.net\/es\/wp-json\/wp\/v2\/pages\/11","targetHints":{"allow":["GET"]}}],"collection":[{"href":"https:\/\/cozumelweddings.net\/es\/wp-json\/wp\/v2\/pages"}],"about":[{"href":"https:\/\/cozumelweddings.net\/es\/wp-json\/wp\/v2\/types\/page"}],"author":[{"embeddable":true,"href":"https:\/\/cozumelweddings.net\/es\/wp-json\/wp\/v2\/users\/3"}],"replies":[{"embeddable":true,"href":"https:\/\/cozumelweddings.net\/es\/wp-json\/wp\/v2\/comments?post=11"}],"version-history":[{"count":16,"href":"https:\/\/cozumelweddings.net\/es\/wp-json\/wp\/v2\/pages\/11\/revisions"}],"predecessor-version":[{"id":1038,"href":"https:\/\/cozumelweddings.net\/es\/wp-json\/wp\/v2\/pages\/11\/revisions\/1038"}],"wp:attachment":[{"href":"https:\/\/cozumelweddings.net\/es\/wp-json\/wp\/v2\/media?parent=11"}],"curies":[{"name":"wp","href":"https:\/\/api.w.org\/{rel}","templated":true}]}}