{"id":15,"date":"2026-01-20T00:22:52","date_gmt":"2026-01-20T00:22:52","guid":{"rendered":"http:\/\/cozumelweddings.net\/?page_id=15"},"modified":"2026-05-01T13:41:16","modified_gmt":"2026-05-01T13:41:16","slug":"about-us","status":"publish","type":"page","link":"https:\/\/cozumelweddings.net\/es\/about-us\/","title":{"rendered":"Sobre nosotros"},"content":{"rendered":"<div class=\"wpb-content-wrapper\"><p data-rm-block-id=\"block-1\"><div class=\"vc_row wpb_row vc_row-fluid dt-default\" style=\"margin-top: 0px;margin-bottom: 0px\"><div class=\"wpb_column vc_column_container vc_col-sm-12\"><div class=\"vc_column-inner\"><div class=\"wpb_wrapper\"><div class=\"vc_empty_space\"   style=\"height: 20px\"><span class=\"vc_empty_space_inner\"><\/span><\/div><h1 style=\"color: #6d6d6d;text-align: center;font-family:Open Sans;font-weight:700;font-style:normal\" class=\"vc_custom_heading vc_do_custom_heading\" >Acerca de Something Special Weddings &amp; Event Planner<\/h1><div class=\"vc_empty_space\"   style=\"height: 20px\"><span class=\"vc_empty_space_inner\"><\/span><\/div><h2 style=\"color: #000000;text-align: center;font-family:Dancing Script;font-weight:700;font-style:normal\" class=\"vc_custom_heading vc_do_custom_heading\" >Conoce Fiona y Nicole<\/h2><div class=\"vc_empty_space\"   style=\"height: 40px\"><span class=\"vc_empty_space_inner\"><\/span><\/div><\/div><\/div><\/div><\/div><div class=\"vc_row wpb_row vc_row-fluid vc_row-o-equal-height vc_row-o-content-middle vc_row-flex\"><div class=\"wpb_column vc_column_container vc_col-sm-6\"><div class=\"vc_column-inner\"><div class=\"wpb_wrapper\">\n\t<div class=\"wpb_text_column wpb_content_element\" >\n\t\t<div class=\"wpb_wrapper\">\n\t\t\t<p>Somos un equipo de madre e hija, Fiona y Nicole, con m\u00e1s de 28 a\u00f1os de experiencia en la planeaci\u00f3n de bodas y eventos en Cozumel.<\/p>\n<p data-rm-block-id=\"block-2\">Soy originaria de Toronto, Ontario, y he vivido en la isla durante m\u00e1s de treinta a\u00f1os. Nicole naci\u00f3 y creci\u00f3 en Cozumel. Somos completamente biling\u00fces y nuestro conocimiento combinado de la cultura y los servicios en Cozumel es incomparable.<\/p>\n<p data-rm-block-id=\"block-3\">Con m\u00e1s de 1,500 bodas y eventos especiales organizados aqu\u00ed, hemos ganado una s\u00f3lida reputaci\u00f3n por nuestro profesionalismo y calidad de servicio.<\/p>\n<p data-rm-block-id=\"block-4\">Clientes de distintos pa\u00edses alrededor del mundo nos han descrito como un equipo que \u201csiempre va m\u00e1s all\u00e1\u201d y que \u201cbrinda un trato especial\u201d para hacer de cada evento una experiencia hermosa e inolvidable.<\/p>\n\n\t\t<\/div>\n\t<\/div>\n<\/div><\/div><\/div><div class=\"wpb_column vc_column_container vc_col-sm-3\"><div class=\"vc_column-inner\"><div class=\"wpb_wrapper\">\n\t<div  class=\"wpb_single_image wpb_content_element vc_align_center\">\n\t\t\n\t\t<figure class=\"wpb_wrapper vc_figure\">\n\t\t\t<div class=\"vc_single_image-wrapper vc_box_outline_circle  vc_box_border_grey\"><img decoding=\"async\" class=\"vc_single_image-img\" src=\"https:\/\/cozumelweddings.net\/wp-content\/uploads\/2019\/03\/fiona-lomax-cozumel-wedding-planner-354x354.jpg\" width=\"354\" height=\"354\" alt=\"Co-founder and lead wedding planner of Cozumel Weddings, Fiona, smiling in a bright, indoor setting.\" title=\"fiona-lomax cozumel wedding planner\" loading=\"lazy\"  data-dt-location=\"https:\/\/cozumelweddings.net\/es\/about-us\/fiona-lomax-cozumel-wedding-planner\/\" \/><\/div>\n\t\t<\/figure>\n\t<\/div>\n<\/div><\/div><\/div><div class=\"wpb_column vc_column_container vc_col-sm-3\"><div class=\"vc_column-inner\"><div class=\"wpb_wrapper\">\n\t<div  class=\"wpb_single_image wpb_content_element vc_align_center\">\n\t\t\n\t\t<figure class=\"wpb_wrapper vc_figure\">\n\t\t\t<div class=\"vc_single_image-wrapper vc_box_outline_circle  vc_box_border_grey\"><img loading=\"lazy\" decoding=\"async\" width=\"1024\" height=\"1024\" src=\"https:\/\/cozumelweddings.net\/wp-content\/uploads\/2023\/10\/Nicole.jpg\" class=\"vc_single_image-img attachment-full\" alt=\"Portrait of smiling Cozumel Weddings planner, Nicole, posing with a vibrant, two-tiered traditional Mexican Otomi-style wedding cake.\" title=\"Custom traditional Mexican wedding cake for beach wedding\" srcset=\"https:\/\/cozumelweddings.net\/wp-content\/uploads\/2023\/10\/Nicole.jpg 1024w, https:\/\/cozumelweddings.net\/wp-content\/uploads\/2023\/10\/Nicole-300x300.jpg 300w, https:\/\/cozumelweddings.net\/wp-content\/uploads\/2023\/10\/Nicole-150x150.jpg 150w, https:\/\/cozumelweddings.net\/wp-content\/uploads\/2023\/10\/Nicole-768x768.jpg 768w\" sizes=\"auto, (max-width: 1024px) 100vw, 1024px\"  data-dt-location=\"https:\/\/cozumelweddings.net\/es\/about-us\/nicole\/\" \/><\/div>\n\t\t<\/figure>\n\t<\/div>\n<\/div><\/div><\/div><\/div><div class=\"vc_row wpb_row vc_row-fluid dt-default\" style=\"margin-top: 0px;margin-bottom: 0px\"><div class=\"wpb_column vc_column_container vc_col-sm-12\"><div class=\"vc_column-inner\"><div class=\"wpb_wrapper\"><div class=\"vc_empty_space\"   style=\"height: 32px\"><span class=\"vc_empty_space_inner\"><\/span><\/div><\/div><\/div><\/div><\/div><div class=\"vc_row wpb_row vc_row-fluid dt-default\" style=\"margin-top: 0px;margin-bottom: 0px\"><div class=\"wpb_column vc_column_container vc_col-sm-12\"><div class=\"vc_column-inner\"><div class=\"wpb_wrapper\">\n\t<div class=\"wpb_text_column wpb_content_element\" >\n\t\t<div class=\"wpb_wrapper\">\n\t\t\t<h3 data-rm-block-id=\"block-5\">Favor de llamar o <a href=\"https:\/\/cozumelweddings.net\/es\/contact-us\/\">mandar correo<\/a> hoy mismo para que tu boda sea tan maravillosa como siempre la has so\u00f1ado.<\/h3>\n<p data-rm-block-id=\"block-6\">\n\n\t\t<\/div>\n\t<\/div>\n<\/div><\/div><\/div><\/div><div class=\"vc_row wpb_row vc_row-fluid dt-default\" style=\"margin-top: 0px;margin-bottom: 0px\"><div class=\"wpb_column vc_column_container vc_col-sm-12\"><div class=\"vc_column-inner\"><div class=\"wpb_wrapper\"><div class=\"vc_empty_space\"   style=\"height: 32px\"><span class=\"vc_empty_space_inner\"><\/span><\/div><\/div><\/div><\/div><\/div><div class=\"vc_row wpb_row vc_row-fluid dt-default\" style=\"margin-top: 0px;margin-bottom: 0px\"><div class=\"wpb_column vc_column_container vc_col-sm-4 vc_col-has-fill\"><div class=\"vc_column-inner vc_custom_1553887033369\"><div class=\"wpb_wrapper\">\n\t<div class=\"wpb_text_column wpb_content_element\" >\n\t\t<div class=\"wpb_wrapper\">\n\t\t\t<p style=\"text-align: left;\" data-rm-block-id=\"block-7\">Un cordial saludo,<\/p>\n<p data-rm-block-id=\"block-8\">\n\n\t\t<\/div>\n\t<\/div>\n<h2 style=\"color: #6bbdc3;text-align: left;font-family:Dancing Script;font-weight:400;font-style:normal\" class=\"vc_custom_heading vc_do_custom_heading vc_custom_1671244397759\" >Fiona Lomax<\/h2>\n\t<div class=\"wpb_text_column wpb_content_element\" >\n\t\t<div class=\"wpb_wrapper\">\n\t\t\t<p style=\"text-align: left;\" data-rm-block-id=\"block-9\">Directora y Propietaria<br \/>\nSomething Special Wedding &amp; Event Planners<br \/>\n<strong>Isla de Cozumel, Mexico Caribe<\/strong><\/p>\n<p data-rm-block-id=\"block-10\">\n\n\t\t<\/div>\n\t<\/div>\n<\/div><\/div><\/div><div class=\"wpb_column vc_column_container vc_col-sm-4\"><div class=\"vc_column-inner\"><div class=\"wpb_wrapper\"><\/div><\/div><\/div><div class=\"wpb_column vc_column_container vc_col-sm-4\"><div class=\"vc_column-inner\"><div class=\"wpb_wrapper\"><\/div><\/div><\/div><\/div>\n<\/div>","protected":false},"excerpt":{"rendered":"<p>About Something Special Weddings &amp; Event PlannerMeet Fiona and Nicole We are a mother-daughter team, Fiona and Nicole, with wedding and event planning experience in Cozumel of over 28 years. I am originally from Toronto, Ontario, and have lived on the island for thirty years. Nicole was born and raised in Cozumel. We are completely&hellip;<\/p>","protected":false},"author":3,"featured_media":0,"parent":0,"menu_order":0,"comment_status":"closed","ping_status":"closed","template":"","meta":{"footnotes":""},"class_list":["post-15","page","type-page","status-publish","hentry","description-off"],"_links":{"self":[{"href":"https:\/\/cozumelweddings.net\/es\/wp-json\/wp\/v2\/pages\/15","targetHints":{"allow":["GET"]}}],"collection":[{"href":"https:\/\/cozumelweddings.net\/es\/wp-json\/wp\/v2\/pages"}],"about":[{"href":"https:\/\/cozumelweddings.net\/es\/wp-json\/wp\/v2\/types\/page"}],"author":[{"embeddable":true,"href":"https:\/\/cozumelweddings.net\/es\/wp-json\/wp\/v2\/users\/3"}],"replies":[{"embeddable":true,"href":"https:\/\/cozumelweddings.net\/es\/wp-json\/wp\/v2\/comments?post=15"}],"version-history":[{"count":65,"href":"https:\/\/cozumelweddings.net\/es\/wp-json\/wp\/v2\/pages\/15\/revisions"}],"predecessor-version":[{"id":1053,"href":"https:\/\/cozumelweddings.net\/es\/wp-json\/wp\/v2\/pages\/15\/revisions\/1053"}],"wp:attachment":[{"href":"https:\/\/cozumelweddings.net\/es\/wp-json\/wp\/v2\/media?parent=15"}],"curies":[{"name":"wp","href":"https:\/\/api.w.org\/{rel}","templated":true}]}}