{"id":7,"date":"2019-03-22T00:20:29","date_gmt":"2019-03-22T00:20:29","guid":{"rendered":"http:\/\/cozumelweddings.net\/?page_id=7"},"modified":"2026-03-27T06:34:02","modified_gmt":"2026-03-27T06:34:02","slug":"home","status":"publish","type":"page","link":"https:\/\/cozumelweddings.net\/es\/","title":{"rendered":"Home"},"content":{"rendered":"<div class=\"wpb-content-wrapper\"><div class=\"vc_row wpb_row vc_row-fluid dt-default\" style=\"margin-top: 0px;margin-bottom: 0px\"><div class=\"wpb_column vc_column_container vc_col-sm-12\"><div class=\"vc_column-inner\"><div class=\"wpb_wrapper\"><div class=\"vc_empty_space\"   style=\"height: 20px\"><span class=\"vc_empty_space_inner\"><\/span><\/div><h1 style=\"color: #6d6d6d;text-align: center;font-family:Open Sans;font-weight:700;font-style:normal\" class=\"vc_custom_heading vc_do_custom_heading\" >Something Special Bodas y Eventos<\/h1><h2 style=\"color: #000000;text-align: center;font-family:Dancing Script;font-weight:700;font-style:normal\" class=\"vc_custom_heading vc_do_custom_heading\" >Fiona Lomax and Nicole Rivero<\/h2><div class=\"vc_empty_space\"   style=\"height: 20px\"><span class=\"vc_empty_space_inner\"><\/span><\/div><\/div><\/div><\/div><\/div><div class=\"vc_row wpb_row vc_row-fluid vc_row-o-equal-height vc_row-o-content-middle vc_row-flex\"><div class=\"wpb_column vc_column_container vc_col-sm-12\"><div class=\"vc_column-inner\"><div class=\"wpb_wrapper\">\n\t<div class=\"wpb_text_column wpb_content_element  vc_custom_1774591624824\" >\n\t\t<div class=\"wpb_wrapper\">\n\t\t\t<p style=\"text-align: center;\">Una boda en una isla tropical es rom\u00e1ntica y accesible, y tu experiencia de boda en la playa en Cozumel ser\u00e1 un recuerdo que atesorar\u00e1s para siempre. Something Special Weddings ofrece servicios profesionales de planeaci\u00f3n de bodas y eventos en Cozumel. Desde la planeaci\u00f3n hasta la ejecuci\u00f3n, dise\u00f1amos bodas y eventos en la playa que son verdaderamente inolvidables.<\/p>\n<p style=\"text-align: center;\"><strong>Nuestros servicios:<\/strong><\/p>\n\n\t\t<\/div>\n\t<\/div>\n\n\t<div class=\"wpb_text_column wpb_content_element  vc_custom_1671243282657\" >\n\t\t<div class=\"wpb_wrapper\">\n\t\t\t<p style=\"text-align: center;\">\u2013 Te ayudamos a planear y personalizar tu boda en Cozumel \u2013<br \/>\n\u2013 Nos encargamos de todos los preparativos con anticipaci\u00f3n \u2013<br \/>\n\u2013 Recibimos y damos la bienvenida a ti y a tus invitados \u2013<br \/>\n\u2013 Coordinamos tu boda y todos los eventos relacionados \u2013<\/p>\n\n\t\t<\/div>\n\t<\/div>\n\n\t<div class=\"wpb_text_column wpb_content_element\" >\n\t\t<div class=\"wpb_wrapper\">\n\t\t\t<p style=\"text-align: center;\">Sea cual sea el estilo de boda que imagines, hacemos que tu estancia en Cozumel <em><strong>Something <\/strong><\/em><em><strong>Special!<\/strong><\/em><\/p>\n\n\t\t<\/div>\n\t<\/div>\n<div class=\"vc_empty_space\"   style=\"height: 10px\"><span class=\"vc_empty_space_inner\"><\/span><\/div><div class=\"ubtn-ctn-center\"><a class=\"ubtn-link ult-adjust-bottom-margin ubtn-center ubtn-normal\" href=\"\/\/cozumelweddings.net\/es\/packages\/\" title=\"Paquetes\" ><button type=\"button\" id=\"ubtn-7396\"  class=\"ubtn ult-adjust-bottom-margin ult-responsive ubtn-normal ubtn-no-hover-bg  none  ubtn-center   tooltip-6a0071029be67\"  data-hover=\"#ffffff\" data-border-color=\"#6bbdc3\" data-bg=\"#ffffff\" data-hover-bg=\"#6bbdc3\" data-border-hover=\"#ffffff\" data-shadow-hover=\"\" data-shadow-click=\"none\" data-shadow=\"\" data-shd-shadow=\"\"  data-ultimate-target='#ubtn-7396'  data-responsive-json-new='{\"font-size\":\"desktop:15px;\",\"line-height\":\"\"}'  style=\"font-family:&#039;Open Sans&#039;;font-weight:bold;border-radius:3px;border-width:2px;border-color:#6bbdc3;border-style:solid;background: #ffffff;color: #6bbdc3;\"><span class=\"ubtn-hover\" style=\"background-color:#6bbdc3\"><\/span><span class=\"ubtn-data ubtn-text\" >DESCUBRE NUESTROS PAQUETES<\/span><\/button><\/a><\/div><div class=\"vc_empty_space\"   style=\"height: 32px\"><span class=\"vc_empty_space_inner\"><\/span><\/div><\/div><\/div><\/div><\/div><div class=\"vc_row wpb_row vc_row-fluid vc_row-o-equal-height vc_row-o-content-middle vc_row-flex\"><div class=\"wpb_column vc_column_container vc_col-sm-6 vc_hidden-sm vc_hidden-xs\"><div class=\"vc_column-inner\"><div class=\"wpb_wrapper\">\n\t<div class=\"wpb_text_column wpb_content_element\" >\n\t\t<div class=\"wpb_wrapper\">\n\t\t\t<p style=\"text-align: left;\" class=\"translation-block\"><em><strong>\u00a1Algo Especial!<\/strong><\/em> ha estado organizando bodas, renovaciones de votos y otros eventos en Cozumel por m\u00e1s de 27 a\u00f1os. Somos un equipo experimentado de madre e hija, quienes dirigir\u00e1n todo tu evento. Hacemos que tu boda de destino sea libre de estr\u00e9s al eliminar las complicaciones. Nuestros paquetes de precios te permiten planear una boda elaborada y elegante o simplemente una ceremonia sencilla en la playa, todo con un sabor mexicano. T\u00fa eliges el estilo; nosotros lo hacemos realidad.<\/p>\n\n\t\t<\/div>\n\t<\/div>\n<div class=\"vc_empty_space\"   style=\"height: 10px\"><span class=\"vc_empty_space_inner\"><\/span><\/div><div class=\"ubtn-ctn-left\"><a class=\"ubtn-link ult-adjust-bottom-margin ubtn-left ubtn-normal\" href=\"\/\/cozumelweddings.net\/es\/about-us\/\" title=\"Paquetes\" ><button type=\"button\" id=\"ubtn-7832\"  class=\"ubtn ult-adjust-bottom-margin ult-responsive ubtn-normal ubtn-no-hover-bg  none  ubtn-left   tooltip-6a0071029c574\"  data-hover=\"#ffffff\" data-border-color=\"#6bbdc3\" data-bg=\"#ffffff\" data-hover-bg=\"#6bbdc3\" data-border-hover=\"#ffffff\" data-shadow-hover=\"\" data-shadow-click=\"none\" data-shadow=\"\" data-shd-shadow=\"\"  data-ultimate-target='#ubtn-7832'  data-responsive-json-new='{\"font-size\":\"desktop:15px;\",\"line-height\":\"\"}'  style=\"font-family:&#039;Open Sans&#039;;font-weight:bold;border-radius:3px;border-width:2px;border-color:#6bbdc3;border-style:solid;background: #ffffff;color: #6bbdc3;\"><span class=\"ubtn-hover\" style=\"background-color:#6bbdc3\"><\/span><span class=\"ubtn-data ubtn-text\" >Conoce Nicole y Fiona<\/span><\/button><\/a><\/div><\/div><\/div><\/div><div class=\"wpb_column vc_column_container vc_col-sm-6 vc_hidden-sm vc_hidden-xs\"><div class=\"vc_column-inner\"><div class=\"wpb_wrapper\">\n\t<div  class=\"wpb_single_image wpb_content_element vc_align_center\">\n\t\t\n\t\t<figure class=\"wpb_wrapper vc_figure\">\n\t\t\t<div class=\"vc_single_image-wrapper vc_box_shadow_3d  vc_box_border_grey\"><img loading=\"lazy\" decoding=\"async\" width=\"740\" height=\"492\" src=\"https:\/\/cozumelweddings.net\/wp-content\/uploads\/2023\/10\/beach-wedding-ceremony-ocean-view.jpg\" class=\"vc_single_image-img attachment-full\" alt=\"Drone shot of Cozumel wedding by a Cozumel wedding planner\" title=\"beach-wedding-ceremony-ocean-view\" srcset=\"https:\/\/cozumelweddings.net\/wp-content\/uploads\/2023\/10\/beach-wedding-ceremony-ocean-view.jpg 740w, https:\/\/cozumelweddings.net\/wp-content\/uploads\/2023\/10\/beach-wedding-ceremony-ocean-view-300x199.jpg 300w\" sizes=\"auto, (max-width: 740px) 100vw, 740px\"  data-dt-location=\"https:\/\/cozumelweddings.net\/es\/home\/about-us-home-cozumel-weddings\/\" \/><\/div>\n\t\t<\/figure>\n\t<\/div>\n<\/div><\/div><\/div><\/div><div class=\"vc_row wpb_row vc_row-fluid vc_row-o-equal-height vc_row-o-content-middle vc_row-flex\"><div class=\"wpb_column vc_column_container vc_col-sm-6 vc_hidden-lg vc_hidden-md\"><div class=\"vc_column-inner\"><div class=\"wpb_wrapper\">\n\t<div  class=\"wpb_single_image wpb_content_element vc_align_center\">\n\t\t\n\t\t<figure class=\"wpb_wrapper vc_figure\">\n\t\t\t<div class=\"vc_single_image-wrapper vc_box_shadow_3d  vc_box_border_grey\"><\/div>\n\t\t<\/figure>\n\t<\/div>\n<\/div><\/div><\/div><div class=\"wpb_column vc_column_container vc_col-sm-6 vc_hidden-lg vc_hidden-md\"><div class=\"vc_column-inner\"><div class=\"wpb_wrapper\">\n\t<div class=\"wpb_text_column wpb_content_element\" >\n\t\t<div class=\"wpb_wrapper\">\n\t\t\t<p style=\"text-align: left;\"><strong>Something Special Wedding Planners<\/strong> are here to make sure that both of you enjoy not only the event, but the process of planning it. Something Special has been orchestrating successful weddings, vow renewals and other life events for more than 25 years and has earned an outstanding reputation for courteous, professional weddings with an uncanny eye for detail in Cozumel Mexico.<\/p>\n\n\t\t<\/div>\n\t<\/div>\n<div class=\"vc_empty_space\"   style=\"height: 10px\"><span class=\"vc_empty_space_inner\"><\/span><\/div><div class=\"ubtn-ctn-left\"><a class=\"ubtn-link ult-adjust-bottom-margin ubtn-left ubtn-normal\" href=\"\/\/cozumelweddings.net\/es\/about-us\/\" title=\"Paquetes\" ><button type=\"button\" id=\"ubtn-6170\"  class=\"ubtn ult-adjust-bottom-margin ult-responsive ubtn-normal ubtn-no-hover-bg  none  ubtn-left   tooltip-6a0071029e417\"  data-hover=\"#ffffff\" data-border-color=\"#6bbdc3\" data-bg=\"#ffffff\" data-hover-bg=\"#6bbdc3\" data-border-hover=\"#ffffff\" data-shadow-hover=\"\" data-shadow-click=\"none\" data-shadow=\"\" data-shd-shadow=\"\"  data-ultimate-target='#ubtn-6170'  data-responsive-json-new='{\"font-size\":\"desktop:15px;\",\"line-height\":\"\"}'  style=\"font-family:&#039;Open Sans&#039;;font-weight:bold;border-radius:3px;border-width:2px;border-color:#6bbdc3;border-style:solid;background: #ffffff;color: #6bbdc3;\"><span class=\"ubtn-hover\" style=\"background-color:#6bbdc3\"><\/span><span class=\"ubtn-data ubtn-text\" >Conoce Nicole y Fiona<\/span><\/button><\/a><\/div><\/div><\/div><\/div><\/div><div data-vc-full-width=\"true\" data-vc-full-width-temp=\"true\" data-vc-full-width-init=\"false\" class=\"vc_row wpb_row vc_row-fluid\"><div class=\"wpb_column vc_column_container vc_col-sm-12\"><div class=\"vc_column-inner\"><div class=\"wpb_wrapper\"><div class=\"vc_empty_space\"   style=\"height: 32px\"><span class=\"vc_empty_space_inner\"><\/span><\/div><\/div><\/div><\/div><\/div><div class=\"vc_row-full-width vc_clearfix\"><\/div><div data-vc-full-width=\"true\" data-vc-full-width-temp=\"true\" data-vc-full-width-init=\"false\" class=\"vc_row wpb_row vc_row-fluid vc_row-o-equal-height vc_row-o-content-middle vc_row-flex\"><div class=\"wpb_column vc_column_container vc_col-sm-6\"><div class=\"vc_column-inner\"><div class=\"wpb_wrapper\">\n<div class=\"vc_grid-container-wrapper vc_clearfix vc_grid-animation-fadeIn\">\n\t<div class=\"vc_grid-container vc_clearfix wpb_content_element vc_media_grid\" data-initial-loading-animation=\"fadeIn\" data-vc-grid-settings=\"{&quot;page_id&quot;:7,&quot;style&quot;:&quot;all&quot;,&quot;action&quot;:&quot;vc_get_vc_grid_data&quot;,&quot;shortcode_id&quot;:&quot;1774590751753-18aaf9ad-1224-3&quot;,&quot;tag&quot;:&quot;vc_media_grid&quot;}\" data-vc-request=\"https:\/\/cozumelweddings.net\/wp-admin\/admin-ajax.php\" data-vc-post-id=\"7\" data-vc-public-nonce=\"4c31b52939\">\n\t\t\n\t<\/div>\n<\/div><\/div><\/div><\/div><div class=\"wpb_column vc_column_container vc_col-sm-6\"><div class=\"vc_column-inner\"><div class=\"wpb_wrapper\"><h2 style=\"text-align: left\" class=\"vc_custom_heading vc_do_custom_heading\" >Galeria<\/h2><div class=\"vc_empty_space\"   style=\"height: 20px\"><span class=\"vc_empty_space_inner\"><\/span><\/div>\n\t<div class=\"wpb_text_column wpb_content_element\" >\n\t\t<div class=\"wpb_wrapper\">\n\t\t\t<p style=\"text-align: left;\">Nuestra galer\u00eda de fotos de bodas de clientes anteriores refleja la magia de una ceremonia en la playa en Cozumel, capturada por uno de los mejores fot\u00f3grafos de la isla. Descubre ejemplos de locaciones frente al mar, opciones de ceremonia, ramos, pasteles y mucho m\u00e1s. <em>Start your dream wedding plan here!<\/em><\/p>\n\n\t\t<\/div>\n\t<\/div>\n<div class=\"ubtn-ctn-left\"><a class=\"ubtn-link ult-adjust-bottom-margin ubtn-left ubtn-normal\" href=\"\/\/cozumelweddings.net\/es\/gallery\/\" title=\"Paquetes\" ><button type=\"button\" id=\"ubtn-8269\"  class=\"ubtn ult-adjust-bottom-margin ult-responsive ubtn-normal ubtn-no-hover-bg  none  ubtn-left   tooltip-6a0071029fa4b\"  data-hover=\"#ffffff\" data-border-color=\"#6bbdc3\" data-bg=\"#ffffff\" data-hover-bg=\"#6bbdc3\" data-border-hover=\"#ffffff\" data-shadow-hover=\"\" data-shadow-click=\"none\" data-shadow=\"\" data-shd-shadow=\"\"  data-ultimate-target='#ubtn-8269'  data-responsive-json-new='{\"font-size\":\"desktop:15px;\",\"line-height\":\"\"}'  style=\"font-family:&#039;Open Sans&#039;;font-weight:bold;border-radius:3px;border-width:2px;border-color:#6bbdc3;border-style:solid;background: #ffffff;color: #6bbdc3;\"><span class=\"ubtn-hover\" style=\"background-color:#6bbdc3\"><\/span><span class=\"ubtn-data ubtn-text\" >VER GALER\u00cdA<\/span><\/button><\/a><\/div><\/div><\/div><\/div><\/div><div class=\"vc_row-full-width vc_clearfix\"><\/div>\n<\/div>","protected":false},"excerpt":{"rendered":"<p>Something Special Weddings &amp; Event PlannerFiona Lomax and Nicole Rivero A tropical island wedding is romantic and affordable, and your beach wedding experience in Cozumel will be a memory that you will treasure forever. Something Special Weddings offers expert Cozumel weddings and event planner services. From planning to execution, we design unforgettable beach weddings and&hellip;<\/p>","protected":false},"author":3,"featured_media":0,"parent":0,"menu_order":0,"comment_status":"closed","ping_status":"closed","template":"","meta":{"footnotes":""},"class_list":["post-7","page","type-page","status-publish","hentry","description-off"],"_links":{"self":[{"href":"https:\/\/cozumelweddings.net\/es\/wp-json\/wp\/v2\/pages\/7","targetHints":{"allow":["GET"]}}],"collection":[{"href":"https:\/\/cozumelweddings.net\/es\/wp-json\/wp\/v2\/pages"}],"about":[{"href":"https:\/\/cozumelweddings.net\/es\/wp-json\/wp\/v2\/types\/page"}],"author":[{"embeddable":true,"href":"https:\/\/cozumelweddings.net\/es\/wp-json\/wp\/v2\/users\/3"}],"replies":[{"embeddable":true,"href":"https:\/\/cozumelweddings.net\/es\/wp-json\/wp\/v2\/comments?post=7"}],"version-history":[{"count":222,"href":"https:\/\/cozumelweddings.net\/es\/wp-json\/wp\/v2\/pages\/7\/revisions"}],"predecessor-version":[{"id":959,"href":"https:\/\/cozumelweddings.net\/es\/wp-json\/wp\/v2\/pages\/7\/revisions\/959"}],"wp:attachment":[{"href":"https:\/\/cozumelweddings.net\/es\/wp-json\/wp\/v2\/media?parent=7"}],"curies":[{"name":"wp","href":"https:\/\/api.w.org\/{rel}","templated":true}]}}