{"id":9,"date":"2026-01-21T00:20:46","date_gmt":"2026-01-21T00:20:46","guid":{"rendered":"http:\/\/cozumelweddings.net\/?page_id=9"},"modified":"2026-05-01T02:39:46","modified_gmt":"2026-05-01T02:39:46","slug":"cozumel-wedding-special-event-packages","status":"publish","type":"page","link":"https:\/\/cozumelweddings.net\/es\/cozumel-wedding-special-event-packages\/","title":{"rendered":"Paquetes"},"content":{"rendered":"<div class=\"wpb-content-wrapper\"><div class=\"vc_row wpb_row vc_row-fluid dt-default\" style=\"margin-top: 0px;margin-bottom: 0px\"><div class=\"wpb_column vc_column_container vc_col-sm-12\"><div class=\"vc_column-inner\"><div class=\"wpb_wrapper\">\n\t<div class=\"wpb_text_column wpb_content_element\" >\n\t\t<div class=\"wpb_wrapper\">\n\t\t\t\n\t\t<\/div>\n\t<\/div>\n<\/div><\/div><\/div><\/div><div class=\"vc_row wpb_row vc_row-fluid dt-default\" style=\"margin-top: 0px;margin-bottom: 0px\"><div class=\"wpb_column vc_column_container vc_col-sm-12\"><div class=\"vc_column-inner\"><div class=\"wpb_wrapper\"><div class=\"vc_empty_space\"   style=\"height: 20px\"><span class=\"vc_empty_space_inner\"><\/span><\/div><h1 style=\"color: #6d6d6d;text-align: center;font-family:Open Sans;font-weight:700;font-style:normal\" class=\"vc_custom_heading vc_do_custom_heading\" >Paquetes para Bodas y Eventos Especiales en Cozumel<\/h1><div class=\"vc_empty_space\"   style=\"height: 40px\"><span class=\"vc_empty_space_inner\"><\/span><\/div><\/div><\/div><\/div><\/div><div class=\"vc_row wpb_row vc_row-fluid vc_row-o-equal-height vc_row-o-content-middle vc_row-flex\"><div class=\"wpb_column vc_column_container vc_col-sm-4\"><div class=\"vc_column-inner\"><div class=\"wpb_wrapper\">\n\t<div  class=\"wpb_single_image wpb_content_element vc_align_center\">\n\t\t\n\t\t<figure class=\"wpb_wrapper vc_figure\">\n\t\t\t<div class=\"vc_single_image-wrapper vc_box_outline_circle  vc_box_border_grey\"><img decoding=\"async\" class=\"vc_single_image-img\" src=\"https:\/\/cozumelweddings.net\/wp-content\/uploads\/2019\/03\/cozumel-wedding-planner-packages-391x391.jpg\" width=\"391\" height=\"391\" alt=\"Newlywed couple walking hand-in-hand along a white sand beach with turquoise water in Cozumel, Mexico.\" title=\"cozumel-wedding planner packages\" loading=\"lazy\"  data-dt-location=\"https:\/\/cozumelweddings.net\/es\/cozumel-wedding-special-event-packages\/cozumel-wedding-planner-packages\/\" \/><\/div>\n\t\t<\/figure>\n\t<\/div>\n<\/div><\/div><\/div><div class=\"wpb_column vc_column_container vc_col-sm-8\"><div class=\"vc_column-inner\"><div class=\"wpb_wrapper\"><h2 style=\"text-align: left\" class=\"vc_custom_heading vc_do_custom_heading\" >Las detalles importantes<\/h2><div class=\"vc_empty_space\"   style=\"height: 20px\"><span class=\"vc_empty_space_inner\"><\/span><\/div>\n\t<div class=\"wpb_text_column wpb_content_element\" >\n\t\t<div class=\"wpb_wrapper\">\n\t\t\t<p style=\"text-align: left;\">Cuando eliges celebrar tu evento especial en la hermosa isla tropical de Cozumel, M\u00e9xico, nos encargamos de que TODO se lleve a cabo exactamente como lo imaginaste.<\/p>\n<p>Nuestros paquetes de bodas y eventos especiales en Cozumel est\u00e1n dise\u00f1ados para cubrir todas tus necesidades, asegurando una experiencia fluida y sin preocupaciones para ti y tus invitados.<\/p>\n<ul>\n<li>Ceremonia del Registro Civil............$15,000MN<\/li>\n<li>LGBTQ&#8230;&#8230;&#8230;&#8230;&#8230;&#8230;&#8230;&#8230;&#8230;&#8230;.. &#8230;&#8230;&#8230;&#8230;&#8230;&#8230;. $1,150.00<\/li>\n<li>Symbolic or Vow Renewal Ceremony . $\u00a0 950.00<\/li>\n<\/ul>\n\n\t\t<\/div>\n\t<\/div>\n\n\t<div class=\"wpb_text_column wpb_content_element\" >\n\t\t<div class=\"wpb_wrapper\">\n\t\t\t<p><b>Los precios est\u00e1n sujetos a cambios<br \/>\n<\/b><br \/>\nNuestros precios de bodas en Cozumel est\u00e1n dise\u00f1ados para ser transparentes y flexibles. A diferencia de los paquetes tipo resort con opciones preestablecidas, el enfoque de Something Special te permite combinar y personalizar los servicios a tu gusto. Ya sea una ceremonia legal sencilla desde $15,000MN o una celebraci\u00f3n completa con mariachi y fotograf\u00eda profesional, pagas \u00fanicamente por lo que realmente deseas.<b><br \/>\n<\/b><\/p>\n\n\t\t<\/div>\n\t<\/div>\n<\/div><\/div><\/div><\/div><div class=\"vc_row wpb_row vc_row-fluid dt-default\" style=\"margin-top: 0px;margin-bottom: 0px\"><div class=\"wpb_column vc_column_container vc_col-sm-8\"><div class=\"vc_column-inner\"><div class=\"wpb_wrapper\"><h3 style=\"text-align: left\" class=\"vc_custom_heading vc_do_custom_heading\" >Servicios adicionales (precios en d\u00f3lares estadounidenses) Lo ajustamos en pesos Mexicnos<\/h3><div class=\"vc_empty_space\"   style=\"height: 10px\"><span class=\"vc_empty_space_inner\"><\/span><\/div>\n\t<div class=\"wpb_text_column wpb_content_element  vc_custom_1669578426550\" >\n\t\t<div class=\"wpb_wrapper\">\n\t\t\t\n<table id=\"tablepress-1\" class=\"tablepress tablepress-id-1\">\n<tbody class=\"row-striping row-hover\">\n<tr class=\"row-1\">\n\t<td class=\"column-1\">Paquetes de fotograf\u00eda a partir de<\/td><td class=\"column-2\">$700<\/td>\n<\/tr>\n<tr class=\"row-2\">\n\t<td class=\"column-1\">Paquetes de Video \/Drone apartir de<\/td><td class=\"column-2\">950<\/td>\n<\/tr>\n<tr class=\"row-3\">\n\t<td class=\"column-1\">Ramo de Novia<\/td><td class=\"column-2\">$125<\/td>\n<\/tr>\n<tr class=\"row-4\">\n\t<td class=\"column-1\">Ramo de Dama<\/td><td class=\"column-2\">$95<\/td>\n<\/tr>\n<tr class=\"row-5\">\n\t<td class=\"column-1\">pastel de Bodas apartir de<\/td><td class=\"column-2\">$125 and up<\/td>\n<\/tr>\n<tr class=\"row-6\">\n\t<td class=\"column-1\">Grupo de Mariachi 1 hora<\/td><td class=\"column-2\">550<\/td>\n<\/tr>\n<tr class=\"row-7\">\n\t<td class=\"column-1\">DJ<\/td><td class=\"column-2\">$650<\/td>\n<\/tr>\n<tr class=\"row-8\">\n\t<td class=\"column-1\">Centros de mesa apartir de<\/td><td class=\"column-2\">$45 and Up<\/td>\n<\/tr>\n<tr class=\"row-9\">\n\t<td class=\"column-1\">Arcos y Decoracion para ceremonia, desde<\/td><td class=\"column-2\">$300 and up<\/td>\n<\/tr>\n<tr class=\"row-10\">\n\t<td class=\"column-1\">Suite nupcial por 5 horas<\/td><td class=\"column-2\">$105<\/td>\n<\/tr>\n<\/tbody>\n<\/table>\n<!-- #tablepress-1 from cache -->\n\n\t\t<\/div>\n\t<\/div>\n\n\t<div class=\"wpb_text_column wpb_content_element\" >\n\t\t<div class=\"wpb_wrapper\">\n\t\t\t<p><strong>\u00a0Y mucho mas.......<\/strong><\/p>\n\n\t\t<\/div>\n\t<\/div>\n<h4 style=\"color: #000000;text-align: left\" class=\"vc_custom_heading vc_do_custom_heading\" >Venue Fees May Apply<\/h4><h4 style=\"color: #000000;text-align: left\" class=\"vc_custom_heading vc_do_custom_heading\" >Para grupos grandes se aplican tarifas adicionales de Something Special<\/h4><\/div><\/div><\/div><div class=\"wpb_column vc_column_container vc_col-sm-4\"><div class=\"vc_column-inner\"><div class=\"wpb_wrapper\"><div class=\"vc_empty_space\"   style=\"height: 20px\"><span class=\"vc_empty_space_inner\"><\/span><\/div>\n\t<div  class=\"wpb_single_image wpb_content_element vc_align_center\">\n\t\t\n\t\t<figure class=\"wpb_wrapper vc_figure\">\n\t\t\t<div class=\"vc_single_image-wrapper vc_box_outline  vc_box_border_grey\"><img loading=\"lazy\" decoding=\"async\" width=\"494\" height=\"738\" src=\"https:\/\/cozumelweddings.net\/wp-content\/uploads\/2019\/03\/cozumel-weddings-packages-extras.jpg\" class=\"vc_single_image-img attachment-full\" alt=\"Bride and groom tossing the wedding bouquet into the air on a rocky beach in Cozumel with a clear blue sky and ocean background.\" title=\"cozumel-weddings packages\" srcset=\"https:\/\/cozumelweddings.net\/wp-content\/uploads\/2019\/03\/cozumel-weddings-packages-extras.jpg 494w, https:\/\/cozumelweddings.net\/wp-content\/uploads\/2019\/03\/cozumel-weddings-packages-extras-201x300.jpg 201w\" sizes=\"auto, (max-width: 494px) 100vw, 494px\"  data-dt-location=\"https:\/\/cozumelweddings.net\/es\/cozumel-wedding-special-event-packages\/cozumel-weddings-packages-extras\/\" \/><\/div>\n\t\t<\/figure>\n\t<\/div>\n<\/div><\/div><\/div><\/div><div class=\"vc_row wpb_row vc_row-fluid dt-default\" style=\"margin-top: 0px;margin-bottom: 0px\"><div class=\"wpb_column vc_column_container vc_col-sm-12\"><div class=\"vc_column-inner\"><div class=\"wpb_wrapper\"><div class=\"vc_empty_space\"   style=\"height: 50px\"><span class=\"vc_empty_space_inner\"><\/span><\/div><h3 style=\"text-align: center\" class=\"vc_custom_heading vc_do_custom_heading\" >Requisitos para bodas del Registo Civil<\/h3><div class=\"vc_empty_space\"   style=\"height: 20px\"><span class=\"vc_empty_space_inner\"><\/span><\/div><div class=\"vc_row wpb_row vc_inner vc_row-fluid\"><div class=\"wpb_column vc_column_container vc_col-sm-6\"><div class=\"vc_column-inner\"><div class=\"wpb_wrapper\">\n\t<div class=\"wpb_text_column wpb_content_element\" >\n\t\t<div class=\"wpb_wrapper\">\n\t\t\t\n\t\t<\/div>\n\t<\/div>\n<h4 style=\"text-align: left\" class=\"vc_custom_heading vc_do_custom_heading\" >Los Novios<\/h4>\n\t<div class=\"wpb_text_column wpb_content_element\" >\n\t\t<div class=\"wpb_wrapper\">\n\t\t\t<p>En Cozumel Weddings no ofrecemos paquetes preestablecidos\u2014t\u00fa dise\u00f1as el tuyo, totalmente adaptado a tu visi\u00f3n. Nuestro equipo de Something Special Wedding Planners te acompa\u00f1a en la creaci\u00f3n de una boda destino personalizada en M\u00e9xico, fusionando romance, elegancia y el encanto del Caribe en una celebraci\u00f3n \u00fanica e inolvidable.<\/p>\n\n\t\t<\/div>\n\t<\/div>\n<h4 style=\"text-align: left\" class=\"vc_custom_heading vc_do_custom_heading\" >Testigos<\/h4>\n\t<div class=\"wpb_text_column wpb_content_element\" >\n\t\t<div class=\"wpb_wrapper\">\n\t\t\t<p>Para <b data-path-to-node=\"10,0\" data-index-in-node=\"7\">una boda legal en Mexico<\/b>Se requieren testigos. Si viajas solo o est\u00e1s planeando una boda \u00edntima, no te preocupes\u2014nosotros podemos proporcionarlos para asegurar que tu ceremonia cumpla con todos los requisitos legales locales.<\/p>\n\n\t\t<\/div>\n\t<\/div>\n<h4 style=\"text-align: left\" class=\"vc_custom_heading vc_do_custom_heading\" >Ceremonia Simbolica<\/h4>\n\t<div class=\"wpb_text_column wpb_content_element\" >\n\t\t<div class=\"wpb_wrapper\">\n\t\t\t<p>Una <b data-path-to-node=\"12,0\" data-index-in-node=\"3\">ceremonia simbolica en Cozumel<\/b> Es ideal para parejas que desean el romance de una boda en el Caribe sin tr\u00e1mites legales. A menudo es elegida por <b data-path-to-node=\"12,0\" data-index-in-node=\"138\">pasajeros de cruceros<\/b>Estas ceremonias ofrecen total flexibilidad en los votos y la ubicaci\u00f3n. Muchas parejas eligen realizar los tr\u00e1mites legales en su pa\u00eds de origen y reservar el \u201cgran momento\u201d para la hermosa costa de Cozumel.<\/p>\n\n\t\t<\/div>\n\t<\/div>\n<h4 style=\"text-align: left\" class=\"vc_custom_heading vc_do_custom_heading\" >Despues de la Boda<\/h4>\n\t<div class=\"wpb_text_column wpb_content_element\" >\n\t\t<div class=\"wpb_wrapper\">\n\t\t\t<p>Una vez que hayan dicho \u201cs\u00ed, acepto\u201d, nos encargamos de todo el proceso de su acta de matrimonio. En ceremonias legales, nos aseguramos de que sus documentos est\u00e9n debidamente registrados y, de ser necesario, se los enviamos por correo certificado para que puedan registrar su matrimonio en su pa\u00eds de origen.<\/p>\n\n\t\t<\/div>\n\t<\/div>\n<\/div><\/div><\/div><div class=\"wpb_column vc_column_container vc_col-sm-6\"><div class=\"vc_column-inner\"><div class=\"wpb_wrapper\"><h4 style=\"text-align: left\" class=\"vc_custom_heading vc_do_custom_heading\" >Si es Legal???<\/h4>\n\t<div class=\"wpb_text_column wpb_content_element\" >\n\t\t<div class=\"wpb_wrapper\">\n\t\t\t<ul>\n<li>S\u00ed, tu matrimonio ser\u00e1 reconocido internacionalmente.<\/li>\n<li>If your country requires an Apostle, please let us know ahead of time.<\/li>\n<li>No se requiere ning\u00fan tr\u00e1mite adicional en Estados Unidos o Canad\u00e1. Fiona Lomax de Something Special Wedding and Event Planner hace que todo el proceso sea sencillo\u2026ofrecemos oficiante para ceremonias legales o simb\u00f3licas.<\/li>\n<li>El matrimonio igualitario ya es reconocido legalmente en Cozumel, M\u00e9xico. Las parejas del mismo sexo pueden casarse legalmente en el para\u00edso, ya que el matrimonio igualitario es v\u00e1lido en el Caribe Mexicano.<\/li>\n<\/ul>\n\n\t\t<\/div>\n\t<\/div>\n<h4 style=\"text-align: left\" class=\"vc_custom_heading vc_do_custom_heading\" >FAQs<\/h4>\n\t<div class=\"wpb_text_column wpb_content_element\" >\n\t\t<div class=\"wpb_wrapper\">\n\t\t\t<ul>\n<li>\u00bfEstaremos de regreso en el crucero a tiempo?<br \/>\n<strong>En 28 anos, ningun pasajero llego tarde el crucero, estamos muy cuidadosos que cada invitado tiene suficiente tiempo para regresar el crucero.<\/strong> We haven&#8217;t missed one in 27 years.<\/li>\n<li>\u00bfTenemos que proporcionar un oficiante para la ceremonia?<br \/>\n<strong>En 28 anos, ningun pasajero llego tarde el crucero, estamos muy cuidadosos que cada invitado tiene suficiente tiempo para regresar el crucero.<\/strong> No, but if you wish, you are perfectly welcome to do so.<\/li>\n<\/ul>\n\n\t\t<\/div>\n\t<\/div>\n<\/div><\/div><\/div><\/div><\/div><\/div><\/div><\/div><div class=\"vc_row wpb_row vc_row-fluid dt-default\" style=\"margin-top: 0px;margin-bottom: 0px\"><div class=\"wpb_column vc_column_container vc_col-sm-12\"><div class=\"vc_column-inner\"><div class=\"wpb_wrapper\">\n\t<div class=\"wpb_text_column wpb_content_element\" >\n\t\t<div class=\"wpb_wrapper\">\n\t\t\t\n\t\t<\/div>\n\t<\/div>\n<\/div><\/div><\/div><\/div>\n<\/div>","protected":false},"excerpt":{"rendered":"<p>Cozumel Wedding &amp; Special Event Packages The Small Details When you choose to schedule your special event on the beautiful, tropical island of Cozumel, Mexico, we will ensure that EVERYTHING goes as you dream it. Our Cozumel Wedding &amp; Special Event Packages are designed to cater to your every need, ensuring a seamless experience for&hellip;<\/p>","protected":false},"author":3,"featured_media":0,"parent":0,"menu_order":0,"comment_status":"closed","ping_status":"closed","template":"","meta":{"footnotes":""},"class_list":["post-9","page","type-page","status-publish","hentry","description-off"],"_links":{"self":[{"href":"https:\/\/cozumelweddings.net\/es\/wp-json\/wp\/v2\/pages\/9","targetHints":{"allow":["GET"]}}],"collection":[{"href":"https:\/\/cozumelweddings.net\/es\/wp-json\/wp\/v2\/pages"}],"about":[{"href":"https:\/\/cozumelweddings.net\/es\/wp-json\/wp\/v2\/types\/page"}],"author":[{"embeddable":true,"href":"https:\/\/cozumelweddings.net\/es\/wp-json\/wp\/v2\/users\/3"}],"replies":[{"embeddable":true,"href":"https:\/\/cozumelweddings.net\/es\/wp-json\/wp\/v2\/comments?post=9"}],"version-history":[{"count":69,"href":"https:\/\/cozumelweddings.net\/es\/wp-json\/wp\/v2\/pages\/9\/revisions"}],"predecessor-version":[{"id":936,"href":"https:\/\/cozumelweddings.net\/es\/wp-json\/wp\/v2\/pages\/9\/revisions\/936"}],"wp:attachment":[{"href":"https:\/\/cozumelweddings.net\/es\/wp-json\/wp\/v2\/media?parent=9"}],"curies":[{"name":"wp","href":"https:\/\/api.w.org\/{rel}","templated":true}]}}