{"id":972,"date":"2026-04-12T09:59:09","date_gmt":"2026-04-12T09:59:09","guid":{"rendered":"https:\/\/cozumelweddings.net\/?page_id=972"},"modified":"2026-04-13T17:31:33","modified_gmt":"2026-04-13T17:31:33","slug":"cozumel-wedding-planner","status":"publish","type":"page","link":"https:\/\/cozumelweddings.net\/es\/cozumel-wedding-planner\/","title":{"rendered":"Coordinadora de Bodas Cozumel"},"content":{"rendered":"<div class=\"wpb-content-wrapper\"><div class=\"vc_row wpb_row vc_row-fluid dt-default\" style=\"margin-top: 0px;margin-bottom: 0px\"><div class=\"wpb_column vc_column_container vc_col-sm-12\"><div class=\"vc_column-inner\"><div class=\"wpb_wrapper\"><h1 style=\"font-size: 30px;color: #6BBDC3;text-align: center;font-family:Open Sans;font-weight:700;font-style:normal\" class=\"vc_custom_heading vc_do_custom_heading\" >Planeaci\u00f3n de bodas en Cozumel \u2013 Dise\u00f1a la boda de playa de tus sue\u00f1os<\/h1><div class=\"vc_empty_space\"   style=\"height: 10px\"><span class=\"vc_empty_space_inner\"><\/span><\/div><\/div><\/div><\/div><\/div><div class=\"vc_row wpb_row vc_row-fluid vc_row-o-equal-height vc_row-o-content-middle vc_row-flex\"><div class=\"wpb_column vc_column_container vc_col-sm-12\"><div class=\"vc_column-inner\"><div class=\"wpb_wrapper\">\n\t<div class=\"wpb_text_column wpb_content_element  vc_custom_1775985923375\" >\n\t\t<div class=\"wpb_wrapper\">\n\t\t\t<p data-start=\"266\" data-end=\"501\">Planear la boda destino de tus sue\u00f1os en Cozumel debe ser una experiencia emocionante, no abrumadora. Como especialistas en planeaci\u00f3n de bodas en Cozumel, creamos bodas en la playa inolvidables, dise\u00f1adas a la medida de tu visi\u00f3n, estilo y presupuesto.<\/p>\n<p data-start=\"503\" data-end=\"701\">Ya sea que sue\u00f1es con una rom\u00e1ntica ceremonia frente al mar, una boda en un resort de lujo o una boda \u00edntima, nuestro equipo experto en planeaci\u00f3n de bodas en Cozumel se encarga de que cada detalle se realice de forma impecable.<\/p>\n\n\t\t<\/div>\n\t<\/div>\n\n\t<div class=\"wpb_text_column wpb_content_element\" >\n\t\t<div class=\"wpb_wrapper\">\n\t\t\t<p style=\"text-align: center;\">Sea cual sea el estilo de boda que imagines, hacemos que tu estancia en Cozumel <em><strong>Something <\/strong><\/em><em><strong>Special!<\/strong><\/em><\/p>\n\n\t\t<\/div>\n\t<\/div>\n<div class=\"vc_empty_space\"   style=\"height: 10px\"><span class=\"vc_empty_space_inner\"><\/span><\/div><div class=\"ubtn-ctn-center\"><a class=\"ubtn-link ult-adjust-bottom-margin ubtn-center ubtn-normal\" href=\"\/\/cozumelweddings.net\/es\/packages\/\" title=\"Paquetes\" ><button type=\"button\" id=\"ubtn-4207\"  class=\"ubtn ult-adjust-bottom-margin ult-responsive ubtn-normal ubtn-no-hover-bg  none  ubtn-center   tooltip-6a007df84ac07\"  data-hover=\"#ffffff\" data-border-color=\"#6bbdc3\" data-bg=\"#ffffff\" data-hover-bg=\"#6bbdc3\" data-border-hover=\"#ffffff\" data-shadow-hover=\"\" data-shadow-click=\"none\" data-shadow=\"\" data-shd-shadow=\"\"  data-ultimate-target='#ubtn-4207'  data-responsive-json-new='{\"font-size\":\"desktop:15px;\",\"line-height\":\"\"}'  style=\"font-family:&#039;Open Sans&#039;;font-weight:bold;border-radius:3px;border-width:2px;border-color:#6bbdc3;border-style:solid;background: #ffffff;color: #6bbdc3;\"><span class=\"ubtn-hover\" style=\"background-color:#6bbdc3\"><\/span><span class=\"ubtn-data ubtn-text\" >DESCUBRE NUESTROS PAQUETES<\/span><\/button><\/a><\/div><div class=\"vc_empty_space\"   style=\"height: 20px\"><span class=\"vc_empty_space_inner\"><\/span><\/div><\/div><\/div><\/div><\/div><div class=\"vc_row wpb_row vc_row-fluid vc_row-o-equal-height vc_row-o-content-middle vc_row-flex\"><div class=\"wpb_column vc_column_container vc_col-sm-6\"><div class=\"vc_column-inner vc_custom_1775989200416\"><div class=\"wpb_wrapper\"><h2 style=\"font-size: 30px;color: #6BBDC3;text-align: left\" class=\"vc_custom_heading vc_do_custom_heading\" >\u00bfPor qu\u00e9 somos la mejor opci\u00f3n para tu boda en Cozumel?<\/h2>\n\t<div class=\"wpb_text_column wpb_content_element\" >\n\t\t<div class=\"wpb_wrapper\">\n\t\t\t<p data-start=\"775\" data-end=\"940\">Con m\u00e1s de 28 a\u00f1os de experiencia y m\u00e1s de 1,500 bodas organizadas, somos una empresa de planeaci\u00f3n de eventos en Cozumel en la que las parejas conf\u00edan para crear bodas destino impecables y sin contratiempos.<\/p>\n<p data-start=\"942\" data-end=\"951\">Ofrecemos:<\/p>\n<ul data-start=\"952\" data-end=\"1143\">\n<li data-section-id=\"cqq1ab\" data-start=\"952\" data-end=\"994\">Servicios de planeaci\u00f3n de bodas totalmente personalizados<\/li>\n<li data-section-id=\"15gn45n\" data-start=\"995\" data-end=\"1045\">Amplio conocimiento local y una red confiable de proveedores<\/li>\n<li data-section-id=\"hgv22y\" data-start=\"1046\" data-end=\"1093\">Atenci\u00f3n biling\u00fce especializada para parejas internacionales<\/li>\n<li data-section-id=\"bcmxv4\" data-start=\"1094\" data-end=\"1143\">Coordinaci\u00f3n integral y sin estr\u00e9s de principio a fin<\/li>\n<\/ul>\n<p data-start=\"1145\" data-end=\"1283\">Nuestro profundo conocimiento de Cozumel nos permite recomendar las mejores locaciones para bodas en la playa, asegurando que tu d\u00eda sea verdaderamente especial.<\/p>\n\n\t\t<\/div>\n\t<\/div>\n<div class=\"vc_empty_space\"   style=\"height: 10px\"><span class=\"vc_empty_space_inner\"><\/span><\/div><div class=\"vc_custom_1775989063947 ubtn-ctn-left\"><a class=\"ubtn-link ult-adjust-bottom-margin ubtn-left ubtn-normal\" href=\"\/\/cozumelweddings.net\/es\/about-us\/\" title=\"Paquetes\" ><button type=\"button\" id=\"ubtn-8928\"  class=\"ubtn ult-adjust-bottom-margin ult-responsive ubtn-normal ubtn-no-hover-bg  none  ubtn-left   tooltip-6a007df84b4aa\"  data-hover=\"#ffffff\" data-border-color=\"#6bbdc3\" data-bg=\"#ffffff\" data-hover-bg=\"#6bbdc3\" data-border-hover=\"#ffffff\" data-shadow-hover=\"\" data-shadow-click=\"none\" data-shadow=\"\" data-shd-shadow=\"\"  data-ultimate-target='#ubtn-8928'  data-responsive-json-new='{\"font-size\":\"desktop:15px;\",\"line-height\":\"\"}'  style=\"font-family:&#039;Open Sans&#039;;font-weight:bold;border-radius:3px;border-width:2px;border-color:#6bbdc3;border-style:solid;background: #ffffff;color: #6bbdc3;\"><span class=\"ubtn-hover\" style=\"background-color:#6bbdc3\"><\/span><span class=\"ubtn-data ubtn-text\" >M\u00c1S SOBRE NOSOTROS<\/span><\/button><\/a><\/div><\/div><\/div><\/div><div class=\"wpb_column vc_column_container vc_col-sm-6\"><div class=\"vc_column-inner\"><div class=\"wpb_wrapper\">\n\t<div  class=\"wpb_single_image wpb_content_element vc_align_center\">\n\t\t\n\t\t<figure class=\"wpb_wrapper vc_figure\">\n\t\t\t<div class=\"vc_single_image-wrapper vc_box_border  vc_box_border_black\"><img loading=\"lazy\" decoding=\"async\" width=\"960\" height=\"795\" src=\"https:\/\/cozumelweddings.net\/wp-content\/uploads\/2026\/04\/Cozumel-Wedding-Planner.jpg\" class=\"vc_single_image-img attachment-full\" alt=\"Bride and groom kissing in front of a circular gold wedding arch decorated with flowers on a beach in Cozumel.\" title=\"Coordinadora de Bodas Cozumel\" srcset=\"https:\/\/cozumelweddings.net\/wp-content\/uploads\/2026\/04\/Cozumel-Wedding-Planner.jpg 960w, https:\/\/cozumelweddings.net\/wp-content\/uploads\/2026\/04\/Cozumel-Wedding-Planner-300x248.jpg 300w, https:\/\/cozumelweddings.net\/wp-content\/uploads\/2026\/04\/Cozumel-Wedding-Planner-768x636.jpg 768w\" sizes=\"auto, (max-width: 960px) 100vw, 960px\"  data-dt-location=\"https:\/\/cozumelweddings.net\/es\/cozumel-wedding-planner\/cozumel-wedding-planner-3\/\" \/><\/div>\n\t\t<\/figure>\n\t<\/div>\n<\/div><\/div><\/div><\/div><div data-vc-full-width=\"true\" data-vc-full-width-temp=\"true\" data-vc-full-width-init=\"false\" class=\"vc_row wpb_row vc_row-fluid vc_row-o-equal-height vc_row-o-content-middle vc_row-flex\"><div class=\"wpb_column vc_column_container vc_col-sm-6\"><div class=\"vc_column-inner\"><div class=\"wpb_wrapper\">\n\t<div  class=\"wpb_single_image wpb_content_element vc_align_center\">\n\t\t\n\t\t<figure class=\"wpb_wrapper vc_figure\">\n\t\t\t<div class=\"vc_single_image-wrapper vc_box_border  vc_box_border_black\"><img loading=\"lazy\" decoding=\"async\" width=\"960\" height=\"795\" src=\"https:\/\/cozumelweddings.net\/wp-content\/uploads\/2026\/04\/Wedding-Planner-Services.jpg\" class=\"vc_single_image-img attachment-full\" alt=\"Bride and groom holding hands under a bamboo wedding arch decorated with blue and white flowers on a beach in Cozumel.\" title=\"Wedding Planner Services\" srcset=\"https:\/\/cozumelweddings.net\/wp-content\/uploads\/2026\/04\/Wedding-Planner-Services.jpg 960w, https:\/\/cozumelweddings.net\/wp-content\/uploads\/2026\/04\/Wedding-Planner-Services-300x248.jpg 300w, https:\/\/cozumelweddings.net\/wp-content\/uploads\/2026\/04\/Wedding-Planner-Services-768x636.jpg 768w\" sizes=\"auto, (max-width: 960px) 100vw, 960px\"  data-dt-location=\"https:\/\/cozumelweddings.net\/es\/cozumel-wedding-planner\/wedding-planner-services\/\" \/><\/div>\n\t\t<\/figure>\n\t<\/div>\n<\/div><\/div><\/div><div class=\"wpb_column vc_column_container vc_col-sm-6\"><div class=\"vc_column-inner\"><div class=\"wpb_wrapper\"><h2 style=\"font-size: 30px;color: #6BBDC3;text-align: left\" class=\"vc_custom_heading vc_do_custom_heading\" >Servicio integral de planeaci\u00f3n de bodas en Cozumel<\/h2>\n\t<div class=\"wpb_text_column wpb_content_element\" >\n\t\t<div class=\"wpb_wrapper\">\n\t\t\t<p data-start=\"1350\" data-end=\"1483\">Como especialistas en planeaci\u00f3n integral de bodas, nos encargamos de cada detalle de tu celebraci\u00f3n para que puedas disfrutarla sin preocupaciones.<\/p>\n<h3 data-section-id=\"mfw8cm\" data-start=\"1485\" data-end=\"1514\"><span role=\"text\"><strong data-start=\"1489\" data-end=\"1514\">Nuesstros Servicios Incluye:<\/strong><\/span><\/h3>\n<ul data-start=\"1515\" data-end=\"1785\">\n<li data-section-id=\"1pcdxkm\" data-start=\"1515\" data-end=\"1572\">Selecci\u00f3n de locaciones para tu boda (frente al mar, resorts y villas privadas)<\/li>\n<li data-section-id=\"17iqdjc\" data-start=\"1573\" data-end=\"1606\">Dise\u00f1o integral de ceremonia y recepci\u00f3n<\/li>\n<li data-section-id=\"i0a9vo\" data-start=\"1607\" data-end=\"1668\">Coordinaci\u00f3n de proveedores clave (fotograf\u00eda, decoraci\u00f3n, catering y m\u00fasica)<\/li>\n<li data-section-id=\"5z61oz\" data-start=\"1669\" data-end=\"1712\">Coordinaci\u00f3n de ceremonias legales o simb\u00f3licas\n\n\ud83d\udc4d My recommendation for your site:\n\nUse \ud83d\udc47\nOrganizaci\u00f3n de ceremonias legales o simb\u00f3licas\n\nClear, professional, and consistent with your list.\n\nSend the next one \ud83d\udc4d<\/li>\n<li data-section-id=\"df7sl2\" data-start=\"1713\" data-end=\"1748\">Planificaci\u00f3n detallada del cronograma y log\u00edstica<\/li>\n<li data-section-id=\"1tmexbi\" data-start=\"1749\" data-end=\"1785\">Coordinaci\u00f3n en sitio el d\u00eda de la boda<\/li>\n<\/ul>\n<p data-start=\"1787\" data-end=\"1905\">Desde la primera consulta hasta la despedida final, tu equipo de planeaci\u00f3n de bodas en Cozumel te acompa\u00f1a en cada paso del camino.<\/p>\n\n\t\t<\/div>\n\t<\/div>\n<div class=\"ubtn-ctn-left\"><a class=\"ubtn-link ult-adjust-bottom-margin ubtn-left ubtn-normal\" href=\"\/\/cozumelweddings.net\/es\/gallery\/\" title=\"Paquetes\" ><button type=\"button\" id=\"ubtn-4429\"  class=\"ubtn ult-adjust-bottom-margin ult-responsive ubtn-normal ubtn-no-hover-bg  none  ubtn-left   tooltip-6a007df84d83a\"  data-hover=\"#ffffff\" data-border-color=\"#6bbdc3\" data-bg=\"#ffffff\" data-hover-bg=\"#6bbdc3\" data-border-hover=\"#ffffff\" data-shadow-hover=\"\" data-shadow-click=\"none\" data-shadow=\"\" data-shd-shadow=\"\"  data-ultimate-target='#ubtn-4429'  data-responsive-json-new='{\"font-size\":\"desktop:15px;\",\"line-height\":\"\"}'  style=\"font-family:&#039;Open Sans&#039;;font-weight:bold;border-radius:3px;border-width:2px;border-color:#6bbdc3;border-style:solid;background: #ffffff;color: #6bbdc3;\"><span class=\"ubtn-hover\" style=\"background-color:#6bbdc3\"><\/span><span class=\"ubtn-data ubtn-text\" >VER GALER\u00cdA<\/span><\/button><\/a><\/div><\/div><\/div><\/div><\/div><div class=\"vc_row-full-width vc_clearfix\"><\/div><div data-vc-full-width=\"true\" data-vc-full-width-temp=\"true\" data-vc-full-width-init=\"false\" class=\"vc_row wpb_row vc_row-fluid vc_row-o-equal-height vc_row-o-content-middle vc_row-flex\"><div class=\"wpb_column vc_column_container vc_col-sm-6\"><div class=\"vc_column-inner vc_custom_1775987624509\"><div class=\"wpb_wrapper\"><h2 style=\"color: #6BBDC3;text-align: left\" class=\"vc_custom_heading vc_do_custom_heading\" >Comienza a planear tu boda en Cozumel hoy mismo<\/h2>\n\t<div class=\"wpb_text_column wpb_content_element\" >\n\t\t<div class=\"wpb_wrapper\">\n\t\t\t<p data-start=\"3304\" data-end=\"3349\">Ready to plan your dream wedding in paradise?<\/p>\n<p data-start=\"3351\" data-end=\"3536\">Connect with a trusted wedding planner Cozumel and let us bring your vision to life. Share your ideas, inspiration, and preferences, and we\u2019ll create a customized plan just for you.<\/p>\n<p data-start=\"3538\" data-end=\"3637\">\ud83d\udc49 Fill out our contact us or <strong><a href=\"https:\/\/cozumelweddings.net\/es\/planning-form\/\">planning form<\/a><\/strong> today and start your journey toward an unforgettable Cozumel wedding.<\/p>\n\n\t\t<\/div>\n\t<\/div>\n<\/div><\/div><\/div><div class=\"wpb_column vc_column_container vc_col-sm-6\"><div class=\"vc_column-inner vc_custom_1775988931139\"><div class=\"wpb_wrapper\">\n\t<div class=\"wpb_raw_code wpb_raw_html wpb_content_element vc_custom_1775987565947\" >\n\t\t<div class=\"wpb_wrapper\">\n\t\t\t<div class=\"cognito\">\n<script src=\"https:\/\/services.cognitoforms.com\/s\/Ii3tyv_-Vk6PUJm4oTJJkQ\"><\/script>\n<script>Cognito.load(\"forms\", { id: \"2\" });<\/script>\n<\/div>\n\t\t<\/div>\n\t<\/div>\n<\/div><\/div><\/div><\/div><div class=\"vc_row-full-width vc_clearfix\"><\/div>\n<\/div>","protected":false},"excerpt":{"rendered":"<p>Wedding Planner Cozumel \u2013 Create Your Dream Beach Wedding Planning your dream destination wedding in Cozumel should feel exciting\u2014not overwhelming. As an experienced wedding planner Cozumel, we specialize in creating unforgettable beach weddings tailored to your vision, style, and budget. Whether you\u2019re dreaming of a romantic beachfront ceremony, a luxury resort wedding, or an intimate&hellip;<\/p>","protected":false},"author":6,"featured_media":0,"parent":0,"menu_order":0,"comment_status":"closed","ping_status":"closed","template":"","meta":{"footnotes":""},"class_list":["post-972","page","type-page","status-publish","hentry","description-off"],"_links":{"self":[{"href":"https:\/\/cozumelweddings.net\/es\/wp-json\/wp\/v2\/pages\/972","targetHints":{"allow":["GET"]}}],"collection":[{"href":"https:\/\/cozumelweddings.net\/es\/wp-json\/wp\/v2\/pages"}],"about":[{"href":"https:\/\/cozumelweddings.net\/es\/wp-json\/wp\/v2\/types\/page"}],"author":[{"embeddable":true,"href":"https:\/\/cozumelweddings.net\/es\/wp-json\/wp\/v2\/users\/6"}],"replies":[{"embeddable":true,"href":"https:\/\/cozumelweddings.net\/es\/wp-json\/wp\/v2\/comments?post=972"}],"version-history":[{"count":26,"href":"https:\/\/cozumelweddings.net\/es\/wp-json\/wp\/v2\/pages\/972\/revisions"}],"predecessor-version":[{"id":1009,"href":"https:\/\/cozumelweddings.net\/es\/wp-json\/wp\/v2\/pages\/972\/revisions\/1009"}],"wp:attachment":[{"href":"https:\/\/cozumelweddings.net\/es\/wp-json\/wp\/v2\/media?parent=972"}],"curies":[{"name":"wp","href":"https:\/\/api.w.org\/{rel}","templated":true}]}}